{"id":502,"date":"2022-08-01T18:05:37","date_gmt":"2022-08-01T09:05:37","guid":{"rendered":"https:\/\/manmaru-akashi.com\/vi\/?page_id=502"},"modified":"2022-10-28T12:20:15","modified_gmt":"2022-10-28T03:20:15","slug":"efoam-check","status":"publish","type":"page","link":"https:\/\/manmaru-akashi.com\/vi\/efoam-check\/","title":{"rendered":"\u304a\u554f\u3044\u5408\u308f\u305b\u30fb\u304a\u7533\u8fbc\u307f\u78ba\u8a8d"},"content":{"rendered":"\n<h2>X\u00e1c nh\u1eadn c\u00e2u h\u1ecfi, \u0111\u01a1n \u0111\u0103ng k\u00fd<\/h2>\n\n\n\n<p>H\u00e3y ki\u1ec3m tra l\u1ea1i c\u00e2u h\u1ecfi, \u0111\u01a1n \u0111\u0103ng k\u00fd. Sau khi ki\u1ec3m tra th\u00ec nh\u1ea5n n\u00fat \u201c G\u1eedi mail\u201d<br>Ch\u00fang t\u00f4i s\u1ebd g\u1eedi email th\u00f4ng b\u00e1o r\u1eb1ng: \u201cTh\u01b0 c\u1ee7a b\u1ea1n \u0111\u00e3 \u0111\u01b0\u1ee3c g\u1eedi \u0111\u1ebfn ch\u00fang t\u00f4i\u201d.<br>C\u00e2u tr\u1ea3 l\u1eddi ch\u00ednh th\u1ee9c cho c\u00e2u h\u1ecfi, \u0111\u01a1n \u0111\u0103ng k\u00fd c\u1ee7a b\u1ea1n s\u1ebd \u0111\u01b0\u1ee3c g\u1eedi \u0111\u1ebfn b\u1ea1n sau. Vui l\u00f2ng \u0111\u1ee3i th\u00eam.<\/p>\n\n\n<p>[mwform_formkey key=&#8221;497&#8243;]<\/p>\n","protected":false},"excerpt":{"rendered":"<p>X\u00e1c nh\u1eadn c\u00e2u h\u1ecfi, \u0111\u01a1n \u0111\u0103ng k\u00fd H\u00e3y ki\u1ec3m tra l\u1ea1i c\u00e2u h\u1ecfi, \u0111\u01a1n \u0111\u0103ng k\u00fd. Sau khi ki\u1ec3m tra th\u00ec nh\u1ea5n n\u00fat \u201c G\u1eedi mail\u201d [&hellip;]<\/p>\n","protected":false},"author":1,"featured_media":0,"parent":0,"menu_order":7,"comment_status":"closed","ping_status":"closed","template":"","meta":{"swell_btn_cv_data":""},"yoast_head":"<!-- This site is optimized with the Yoast SEO plugin v19.7.2 - https:\/\/yoast.com\/wordpress\/plugins\/seo\/ -->\n<title>\u304a\u554f\u3044\u5408\u308f\u305b\u30fb\u304a\u7533\u8fbc\u307f\u78ba\u8a8d - NPO\u6cd5\u4eba \u591a\u6587\u5316\u30bb\u30f3\u30bf\u30fc\u307e\u3093\u307e\u308b\u3042\u304b\u3057\u3010\u30d9\u30c8\u30ca\u30e0\u8a9e\u3011<\/title>\n<meta name=\"robots\" content=\"index, follow, max-snippet:-1, max-image-preview:large, max-video-preview:-1\" \/>\n<link rel=\"canonical\" href=\"https:\/\/manmaru-akashi.com\/vi\/efoam-check\/\" \/>\n<meta property=\"og:locale\" content=\"ja_JP\" \/>\n<meta property=\"og:type\" content=\"article\" \/>\n<meta property=\"og:title\" content=\"\u304a\u554f\u3044\u5408\u308f\u305b\u30fb\u304a\u7533\u8fbc\u307f\u78ba\u8a8d - NPO\u6cd5\u4eba \u591a\u6587\u5316\u30bb\u30f3\u30bf\u30fc\u307e\u3093\u307e\u308b\u3042\u304b\u3057\u3010\u30d9\u30c8\u30ca\u30e0\u8a9e\u3011\" \/>\n<meta property=\"og:description\" content=\"X\u00e1c nh\u1eadn c\u00e2u h\u1ecfi, \u0111\u01a1n \u0111\u0103ng k\u00fd H\u00e3y ki\u1ec3m tra l\u1ea1i c\u00e2u h\u1ecfi, \u0111\u01a1n \u0111\u0103ng k\u00fd. Sau khi ki\u1ec3m tra th\u00ec nh\u1ea5n n\u00fat \u201c G\u1eedi mail\u201d [&hellip;]\" \/>\n<meta property=\"og:url\" content=\"https:\/\/manmaru-akashi.com\/vi\/efoam-check\/\" \/>\n<meta property=\"og:site_name\" content=\"NPO\u6cd5\u4eba \u591a\u6587\u5316\u30bb\u30f3\u30bf\u30fc\u307e\u3093\u307e\u308b\u3042\u304b\u3057\u3010\u30d9\u30c8\u30ca\u30e0\u8a9e\u3011\" \/>\n<meta property=\"article:modified_time\" content=\"2022-10-28T03:20:15+00:00\" \/>\n<meta name=\"twitter:card\" content=\"summary_large_image\" \/>\n<meta name=\"twitter:label1\" content=\"\u63a8\u5b9a\u8aad\u307f\u53d6\u308a\u6642\u9593\" \/>\n\t<meta name=\"twitter:data1\" content=\"1\u5206\" \/>\n<script type=\"application\/ld+json\" class=\"yoast-schema-graph\">{\"@context\":\"https:\/\/schema.org\",\"@graph\":[{\"@type\":\"WebPage\",\"@id\":\"https:\/\/manmaru-akashi.com\/vi\/efoam-check\/\",\"url\":\"https:\/\/manmaru-akashi.com\/vi\/efoam-check\/\",\"name\":\"\u304a\u554f\u3044\u5408\u308f\u305b\u30fb\u304a\u7533\u8fbc\u307f\u78ba\u8a8d - NPO\u6cd5\u4eba \u591a\u6587\u5316\u30bb\u30f3\u30bf\u30fc\u307e\u3093\u307e\u308b\u3042\u304b\u3057\u3010\u30d9\u30c8\u30ca\u30e0\u8a9e\u3011\",\"isPartOf\":{\"@id\":\"https:\/\/manmaru-akashi.com\/vi\/#website\"},\"datePublished\":\"2022-08-01T09:05:37+00:00\",\"dateModified\":\"2022-10-28T03:20:15+00:00\",\"breadcrumb\":{\"@id\":\"https:\/\/manmaru-akashi.com\/vi\/efoam-check\/#breadcrumb\"},\"inLanguage\":\"ja\",\"potentialAction\":[{\"@type\":\"ReadAction\",\"target\":[\"https:\/\/manmaru-akashi.com\/vi\/efoam-check\/\"]}]},{\"@type\":\"BreadcrumbList\",\"@id\":\"https:\/\/manmaru-akashi.com\/vi\/efoam-check\/#breadcrumb\",\"itemListElement\":[{\"@type\":\"ListItem\",\"position\":1,\"name\":\"\u30db\u30fc\u30e0\",\"item\":\"https:\/\/manmaru-akashi.com\/vi\/\"},{\"@type\":\"ListItem\",\"position\":2,\"name\":\"\u304a\u554f\u3044\u5408\u308f\u305b\u30fb\u304a\u7533\u8fbc\u307f\u78ba\u8a8d\"}]},{\"@type\":\"WebSite\",\"@id\":\"https:\/\/manmaru-akashi.com\/vi\/#website\",\"url\":\"https:\/\/manmaru-akashi.com\/vi\/\",\"name\":\"NPO\u6cd5\u4eba \u591a\u6587\u5316\u30bb\u30f3\u30bf\u30fc\u307e\u3093\u307e\u308b\u3042\u304b\u3057\u3010\u30d9\u30c8\u30ca\u30e0\u8a9e\u3011\",\"description\":\"\u660e\u77f3\u3092\u62e0\u70b9\u306b\u5728\u4f4f\u5916\u56fd\u4eba\u306e\u65b9\u306e\u652f\u63f4\u3084\u5354\u529b\u3092\u4e2d\u5fc3\u306b\u3001\u56fd\u969b\u7406\u89e3\u3001\u89b3\u5149\u5fa9\u8208\u4e8b\u696d\u3001\u901a\u8a33\u7ffb\u8a33\u4e8b\u696d\u7b49\u306eNPO\u6cd5\u4eba\u3067\u3059\u3002\",\"potentialAction\":[{\"@type\":\"SearchAction\",\"target\":{\"@type\":\"EntryPoint\",\"urlTemplate\":\"https:\/\/manmaru-akashi.com\/vi\/?s={search_term_string}\"},\"query-input\":\"required name=search_term_string\"}],\"inLanguage\":\"ja\"}]}<\/script>\n<!-- \/ Yoast SEO plugin. -->","yoast_head_json":{"title":"\u304a\u554f\u3044\u5408\u308f\u305b\u30fb\u304a\u7533\u8fbc\u307f\u78ba\u8a8d - NPO\u6cd5\u4eba \u591a\u6587\u5316\u30bb\u30f3\u30bf\u30fc\u307e\u3093\u307e\u308b\u3042\u304b\u3057\u3010\u30d9\u30c8\u30ca\u30e0\u8a9e\u3011","robots":{"index":"index","follow":"follow","max-snippet":"max-snippet:-1","max-image-preview":"max-image-preview:large","max-video-preview":"max-video-preview:-1"},"canonical":"https:\/\/manmaru-akashi.com\/vi\/efoam-check\/","og_locale":"ja_JP","og_type":"article","og_title":"\u304a\u554f\u3044\u5408\u308f\u305b\u30fb\u304a\u7533\u8fbc\u307f\u78ba\u8a8d - NPO\u6cd5\u4eba \u591a\u6587\u5316\u30bb\u30f3\u30bf\u30fc\u307e\u3093\u307e\u308b\u3042\u304b\u3057\u3010\u30d9\u30c8\u30ca\u30e0\u8a9e\u3011","og_description":"X\u00e1c nh\u1eadn c\u00e2u h\u1ecfi, \u0111\u01a1n \u0111\u0103ng k\u00fd H\u00e3y ki\u1ec3m tra l\u1ea1i c\u00e2u h\u1ecfi, \u0111\u01a1n \u0111\u0103ng k\u00fd. Sau khi ki\u1ec3m tra th\u00ec nh\u1ea5n n\u00fat \u201c G\u1eedi mail\u201d [&hellip;]","og_url":"https:\/\/manmaru-akashi.com\/vi\/efoam-check\/","og_site_name":"NPO\u6cd5\u4eba \u591a\u6587\u5316\u30bb\u30f3\u30bf\u30fc\u307e\u3093\u307e\u308b\u3042\u304b\u3057\u3010\u30d9\u30c8\u30ca\u30e0\u8a9e\u3011","article_modified_time":"2022-10-28T03:20:15+00:00","twitter_card":"summary_large_image","twitter_misc":{"\u63a8\u5b9a\u8aad\u307f\u53d6\u308a\u6642\u9593":"1\u5206"},"schema":{"@context":"https:\/\/schema.org","@graph":[{"@type":"WebPage","@id":"https:\/\/manmaru-akashi.com\/vi\/efoam-check\/","url":"https:\/\/manmaru-akashi.com\/vi\/efoam-check\/","name":"\u304a\u554f\u3044\u5408\u308f\u305b\u30fb\u304a\u7533\u8fbc\u307f\u78ba\u8a8d - NPO\u6cd5\u4eba \u591a\u6587\u5316\u30bb\u30f3\u30bf\u30fc\u307e\u3093\u307e\u308b\u3042\u304b\u3057\u3010\u30d9\u30c8\u30ca\u30e0\u8a9e\u3011","isPartOf":{"@id":"https:\/\/manmaru-akashi.com\/vi\/#website"},"datePublished":"2022-08-01T09:05:37+00:00","dateModified":"2022-10-28T03:20:15+00:00","breadcrumb":{"@id":"https:\/\/manmaru-akashi.com\/vi\/efoam-check\/#breadcrumb"},"inLanguage":"ja","potentialAction":[{"@type":"ReadAction","target":["https:\/\/manmaru-akashi.com\/vi\/efoam-check\/"]}]},{"@type":"BreadcrumbList","@id":"https:\/\/manmaru-akashi.com\/vi\/efoam-check\/#breadcrumb","itemListElement":[{"@type":"ListItem","position":1,"name":"\u30db\u30fc\u30e0","item":"https:\/\/manmaru-akashi.com\/vi\/"},{"@type":"ListItem","position":2,"name":"\u304a\u554f\u3044\u5408\u308f\u305b\u30fb\u304a\u7533\u8fbc\u307f\u78ba\u8a8d"}]},{"@type":"WebSite","@id":"https:\/\/manmaru-akashi.com\/vi\/#website","url":"https:\/\/manmaru-akashi.com\/vi\/","name":"NPO\u6cd5\u4eba \u591a\u6587\u5316\u30bb\u30f3\u30bf\u30fc\u307e\u3093\u307e\u308b\u3042\u304b\u3057\u3010\u30d9\u30c8\u30ca\u30e0\u8a9e\u3011","description":"\u660e\u77f3\u3092\u62e0\u70b9\u306b\u5728\u4f4f\u5916\u56fd\u4eba\u306e\u65b9\u306e\u652f\u63f4\u3084\u5354\u529b\u3092\u4e2d\u5fc3\u306b\u3001\u56fd\u969b\u7406\u89e3\u3001\u89b3\u5149\u5fa9\u8208\u4e8b\u696d\u3001\u901a\u8a33\u7ffb\u8a33\u4e8b\u696d\u7b49\u306eNPO\u6cd5\u4eba\u3067\u3059\u3002","potentialAction":[{"@type":"SearchAction","target":{"@type":"EntryPoint","urlTemplate":"https:\/\/manmaru-akashi.com\/vi\/?s={search_term_string}"},"query-input":"required name=search_term_string"}],"inLanguage":"ja"}]}},"_links":{"self":[{"href":"https:\/\/manmaru-akashi.com\/vi\/wp-json\/wp\/v2\/pages\/502"}],"collection":[{"href":"https:\/\/manmaru-akashi.com\/vi\/wp-json\/wp\/v2\/pages"}],"about":[{"href":"https:\/\/manmaru-akashi.com\/vi\/wp-json\/wp\/v2\/types\/page"}],"author":[{"embeddable":true,"href":"https:\/\/manmaru-akashi.com\/vi\/wp-json\/wp\/v2\/users\/1"}],"replies":[{"embeddable":true,"href":"https:\/\/manmaru-akashi.com\/vi\/wp-json\/wp\/v2\/comments?post=502"}],"version-history":[{"count":5,"href":"https:\/\/manmaru-akashi.com\/vi\/wp-json\/wp\/v2\/pages\/502\/revisions"}],"predecessor-version":[{"id":721,"href":"https:\/\/manmaru-akashi.com\/vi\/wp-json\/wp\/v2\/pages\/502\/revisions\/721"}],"wp:attachment":[{"href":"https:\/\/manmaru-akashi.com\/vi\/wp-json\/wp\/v2\/media?parent=502"}],"curies":[{"name":"wp","href":"https:\/\/api.w.org\/{rel}","templated":true}]}}