{"id":352,"date":"2022-06-30T11:19:14","date_gmt":"2022-06-30T02:19:14","guid":{"rendered":"https:\/\/manmaru-akashi.com\/vi\/?page_id=352"},"modified":"2022-09-28T17:28:43","modified_gmt":"2022-09-28T08:28:43","slug":"translation","status":"publish","type":"page","link":"https:\/\/manmaru-akashi.com\/vi\/translation\/","title":{"rendered":"\u901a\u8a33\u8005\u30fb\u7ffb\u8a33\u8005\u52df\u96c6(Tuy\u1ec3n th\u00f4ng d\u1ecbch vi\u00ean \/ bi\u00ean d\u1ecbch vi\u00ean)"},"content":{"rendered":"\n<h2>Tuy\u1ec3n th\u00f4ng d\u1ecbch vi\u00ean \/ bi\u00ean d\u1ecbch vi\u00ean &lt; Ch\u00fang t\u00f4i \u0111ang t\u00ecm ki\u1ebfm nh\u1eefng ng\u01b0\u1eddi c\u00f3 th\u1ec3 phi\u00ean d\u1ecbch v\u00e0 bi\u00ean d\u1ecbch ><\/h2>\n\n\n\n<div class=\"wp-block-columns\">\n<div class=\"wp-block-column\">\n<figure class=\"wp-block-image size-full\"><img loading=\"lazy\" width=\"800\" height=\"600\" src=\"http:\/\/manmaru-akashi.com\/vi\/wp-content\/uploads\/interpreter-1.jpg\" alt=\"\" class=\"wp-image-360\" srcset=\"https:\/\/manmaru-akashi.com\/vi\/wp-content\/uploads\/interpreter-1.jpg 800w, https:\/\/manmaru-akashi.com\/vi\/wp-content\/uploads\/interpreter-1-768x576.jpg 768w\" sizes=\"(max-width: 800px) 100vw, 800px\" \/><\/figure>\n<\/div>\n\n\n\n<div class=\"wp-block-column\">\n<p>Manmaru Akashi l\u00e0m vi\u1ec7c v\u1edbi m\u1ee5c \u0111\u00edch chung s\u1ed1ng \u0111o\u00e0n k\u1ebft, ngay c\u1ea3 khi c\u00e1c qu\u1ed1c gia v\u00e0 n\u1ec1n v\u0103n h\u00f3a kh\u00e1c nhau.<br>Nh\u01b0ng c\u00f3 m\u1ed9t &#8220;r\u00e0o c\u1ea3n ng\u00f4n ng\u1eef&#8221;. C\u00f3 th\u1ec3 kh\u00f3 hi\u1ec3u nhau v\u1edbi nh\u1eefng ng\u01b0\u1eddi n\u00f3i c\u00e1c ng\u00f4n ng\u1eef kh\u00e1c nhau. V\u00ec v\u1eady, Manmaru Akashi ki\u00eam lu\u00f4n c\u00f4ng vi\u1ec7c phi\u00ean d\u1ecbch v\u00e0 bi\u00ean d\u1ecbch.<br>Ch\u00fang t\u00f4i cung c\u1ea5p c\u00e1c th\u00f4ng d\u1ecbch vi\u00ean c\u1ea7n thi\u1ebft t\u1ea1i t\u00f2a th\u1ecb ch\u00ednh v\u00e0 tr\u01b0\u1eddng h\u1ecdc, c\u0169ng nh\u01b0 c\u00e1c th\u00f4ng d\u1ecbch vi\u00ean c\u1ea7n thi\u1ebft khi l\u00e0m vi\u1ec7c t\u1ea1i c\u00f4ng ty. Ch\u00fang t\u00f4i l\u00e0m nhi\u1ec1u c\u00f4ng vi\u1ec7c phi\u00ean d\u1ecbch v\u00e0 bi\u00ean d\u1ecbch.<\/p>\n<\/div>\n<\/div>\n\n\n\n<p class=\"has-border -border01\"><strong>\u2606N\u1ebfu b\u1ea1n c\u00f3 th\u1ec3 th\u00f4ng d\u1ecbch ho\u1eb7c phi\u00ean d\u1ecbch, vui l\u00f2ng li\u00ean h\u1ec7 v\u1edbi ch\u00fang t\u00f4i b\u1ea5t c\u1ee9 l\u00fac n\u00e0o. Ch\u00fang t\u00f4i s\u1ebd ghi nh\u1eadn. (Ghi nh\u1eadn \u0111\u1ec3 ghi l\u1ea1i t\u00ean, s\u1ed1 \u0111i\u1ec7n tho\u1ea1i c\u1ee7a b\u1ea1n v\u00e0 nh\u1eefng ngo\u1ea1i ng\u1eef b\u1ea1n c\u00f3 th\u1ec3 n\u00f3i.)<br>\u2606\u0110\u0103ng k\u00fd ho\u00e0n to\u00e0n mi\u1ec5n ph\u00ed.<br>\u2606N\u1ebfu c\u00f3 b\u1ea5t k\u1ef3 c\u00f4ng vi\u1ec7c bi\u00ean d\u1ecbch ho\u1eb7c phi\u00ean d\u1ecbch n\u00e0o, vui l\u00f2ng g\u1ecdi cho Manmaru Akashi ch\u00fang t\u00f4i.<\/strong><br>\uff08Khi c\u00f3 nhi\u1ec1u ng\u01b0\u1eddi \u0111\u00e3 \u0111\u0103ng k\u00fd, c\u00f3 th\u1ec3 s\u1ebd c\u00f3 kh\u00f3 kh\u0103n trong vi\u1ec7c gi\u1edbi thi\u1ec7u vi\u1ec7c l\u00e0m.\uff09<\/p>\n\n\n\n<h3>\u0110i\u1ec1u ki\u1ec7n \u1ee9ng tuy\u1ec3n<\/h3>\n\n\n\n<h4>Ng\u01b0\u1eddi Nh\u1eadt ho\u1eb7c ng\u01b0\u1eddi \u0111\u00e3 n\u00f3i ti\u1ebfng Nh\u1eadt t\u1eeb khi c\u00f2n nh\u1ecf<\/h4>\n\n\n\n<p>M\u1ed9t ng\u01b0\u1eddi ph\u00f9 h\u1ee3p v\u1edbi b\u1ea5t k\u1ef3 \u0111i\u1ec1u n\u00e0o sau \u0111\u00e2y<\/p>\n\n\n\n<p>\u30fbNh\u1eefng ng\u01b0\u1eddi c\u00f3 b\u1eb1ng th\u00f4ng phi\u00ean d\u1ecbch JTF c\u1ea5p \u0111\u1ed9 2 tr\u1edf l\u00ean<br>\u30fbNg\u01b0\u1eddi \u0111\u1ea1t 65 \u0111i\u1ec3m tr\u1edf l\u00ean trong b\u00e0i ki\u1ec3m tra th\u1ef1c h\u00e0nh d\u1ecbch &#8220;TQE&#8221;<br>\u30fbHo\u1eb7c m\u1ed9t ng\u01b0\u1eddi c\u00f3 th\u1ec3 n\u00f3i m\u1ed9t ngo\u1ea1i ng\u1eef t\u1ed1t nh\u01b0 hai ng\u00f4n ng\u1eef tr\u00ean<br>\u30fbB\u1ea1n ph\u1ea3i c\u00f3 th\u1ec3 s\u1eed d\u1ee5ng m\u00e1y t\u00ednh c\u00e1 nh\u00e2n, ph\u1ea7n m\u1ec1m Office, email v\u00e0 Internet.<\/p>\n\n\n\n<h4>M\u1ed9t ng\u01b0\u1eddi \u0111\u00e3 n\u00f3i ngo\u1ea1i ng\u1eef kh\u00f4ng ph\u1ea3i ti\u1ebfng Nh\u1eadt t\u1eeb khi c\u00f2n nh\u1ecf<\/h4>\n\n\n\n<p>M\u1ed9t ng\u01b0\u1eddi ph\u00f9 h\u1ee3p v\u1edbi b\u1ea5t k\u1ef3 \u0111i\u1ec1u n\u00e0o sau \u0111\u00e2y<\/p>\n\n\n\n<p>\u30fbK\u1ef3 thi n\u0103ng l\u1ef1c ti\u1ebfng Nh\u1eadt c\u1ea5p \u0111\u1ed9 1 (ti\u1ebfng Anh \/ ti\u1ebfng Trung)<br>\u30fbK\u1ef3 thi n\u0103ng l\u1ef1c ti\u1ebfng Nh\u1eadt c\u1ea5p \u0111\u1ed9 2 (kh\u00f4ng ph\u1ea3i ti\u1ebfng Anh \/ ti\u1ebfng Trung)<br>\u30fbHo\u1eb7c m\u1ed9t ng\u01b0\u1eddi c\u00f3 th\u1ec3 n\u00f3i ti\u1ebfng Nh\u1eadt t\u1ed1t nh\u01b0 hai ng\u01b0\u1eddi tr\u00ean<br>\u30fbB\u1ea1n ph\u1ea3i c\u00f3 th\u1ec3 s\u1eed d\u1ee5ng m\u00e1y t\u00ednh c\u00e1 nh\u00e2n, ph\u1ea7n m\u1ec1m Office, email v\u00e0 Internet.<\/p>\n\n\n\n<h3>L\u00e0m c\u00e1ch n\u00e0o \u0111\u1ec3 \u0111\u0103ng k\u00fd<\/h3>\n\n\n\n<div class=\"swell-block-step\" data-num-style=\"circle\">\n<div class=\"swell-block-step__item\"><div class=\"swell-block-step__number u-bg-main\"><span class=\"__label\">STEP<\/span><\/div><div class=\"swell-block-step__title u-fz-l\">G\u1eedi \u0111\u01a1n \u0111\u0103ng k\u00fd<\/div><div class=\"swell-block-step__body\">\n<p>Vui l\u00f2ng li\u00ean h\u1ec7 v\u1edbi ch\u00fang t\u00f4i tr\u01b0\u1edbc. Ng\u01b0\u1eddi trong v\u0103n ph\u00f2ng s\u1ebd gi\u1ea3i th\u00edch c\u00e1c t\u00e0i li\u1ec7u.<br>\u0110i\u1ec7n tho\u1ea1i: 078-915-8747 (T\u1eeb 10:00 \u0111\u1ebfn 17:00, ch\u1ee7 nh\u1eadt v\u00e0 ng\u00e0y l\u1ec5 kh\u00f4ng tr\u1ea3 l\u1eddi cu\u1ed9c g\u1ecdi)<\/p>\n<\/div><\/div>\n\n\n\n<div class=\"swell-block-step__item\"><div class=\"swell-block-step__number u-bg-main\"><span class=\"__label\">STEP<\/span><\/div><div class=\"swell-block-step__title u-fz-l\">\u0110\u1ecdc k\u1ef9 nh\u1eefng g\u00ec \u0111\u01b0\u1ee3c vi\u1ebft tr\u00ean t\u00e0i li\u1ec7u<\/div><div class=\"swell-block-step__body\">\n<p>Ch\u00fang t\u00f4i s\u1ebd li\u00ean h\u1ec7 v\u1edbi b\u1ea1n trong v\u00f2ng 10 ng\u00e0y sau khi nh\u1eadn \u0111\u01b0\u1ee3c t\u00e0i li\u1ec7u \u0111\u1ec3 y\u00eau c\u1ea7u phi\u00ean d\u1ecbch ho\u1eb7c d\u1ecbch thu\u1eadt.<br>Ch\u00fang t\u00f4i s\u1ebd kh\u00f4ng tr\u1ea3 l\u1ea1i b\u1ea5t k\u1ef3 t\u00e0i li\u1ec7u n\u00e0o \u0111\u00e3 n\u1ed9p \u0111\u1ec3 ch\u1ee9ng minh \u0111\u1ea7y \u0111\u1ee7.<\/p>\n<\/div><\/div>\n\n\n\n<div class=\"swell-block-step__item\"><div class=\"swell-block-step__number u-bg-main\"><span class=\"__label\">STEP<\/span><\/div><div class=\"swell-block-step__title u-fz-l\">Ph\u1ecfng v\u1ea5n<\/div><div class=\"swell-block-step__body\">\n<p>Nh\u1eefng ng\u01b0\u1eddi \u0111\u1ea1t h\u1ed3 s\u01a1 s\u1ebd \u0111\u01b0\u1ee3c ph\u1ecfng v\u1ea5n. Manmaru Akashi s\u1ebd li\u00ean h\u1ec7 v\u1edbi b\u1ea1n v\u1ec1 ng\u00e0y ph\u1ecfng v\u1ea5n.<\/p>\n<\/div><\/div>\n\n\n\n<div class=\"swell-block-step__item\"><div class=\"swell-block-step__number u-bg-main\"><span class=\"__label\">STEP<\/span><\/div><div class=\"swell-block-step__title u-fz-l\">\u0110\u0103ng k\u00fd<\/div><div class=\"swell-block-step__body\">\n<p>N\u1ebfu v\u01b0\u1ee3t qua cu\u1ed9c ph\u1ecfng v\u1ea5n, b\u1ea1n s\u1ebd k\u00fd h\u1ee3p \u0111\u1ed3ng l\u00e0m c\u00f4ng vi\u1ec7c phi\u00ean d\u1ecbch v\u00e0 bi\u00ean d\u1ecbch.<\/p>\n<\/div><\/div>\n<\/div>\n\n\n\n<div class=\"swell-block-button is-style-btn_normal\"><a href=\"tel:0789158747\" class=\"swell-block-button__link\"><span>N\u1ebfu b\u1ea1n mu\u1ed1n \u0111\u1eb7t c\u00e2u h\u1ecfi qua \u0111i\u1ec7n tho\u1ea1i, h\u00e3y nh\u1ea5p v\u00e0o \u0111\u00e2y<\/span><\/a><\/div>\n","protected":false},"excerpt":{"rendered":"<p>Tuy\u1ec3n th\u00f4ng d\u1ecbch vi\u00ean \/ bi\u00ean d\u1ecbch vi\u00ean &lt; Ch\u00fang t\u00f4i \u0111ang t\u00ecm ki\u1ebfm nh\u1eefng ng\u01b0\u1eddi c\u00f3 th\u1ec3 phi\u00ean d\u1ecbch v\u00e0 bi\u00ean d\u1ecbch [&hellip;]<\/p>\n","protected":false},"author":1,"featured_media":0,"parent":0,"menu_order":14,"comment_status":"closed","ping_status":"closed","template":"","meta":{"swell_btn_cv_data":""},"yoast_head":"<!-- This site is optimized with the Yoast SEO plugin v19.7.2 - https:\/\/yoast.com\/wordpress\/plugins\/seo\/ -->\n<title>\u901a\u8a33\u8005\u30fb\u7ffb\u8a33\u8005\u52df\u96c6(Tuy\u1ec3n th\u00f4ng d\u1ecbch vi\u00ean \/ bi\u00ean d\u1ecbch vi\u00ean) - NPO\u6cd5\u4eba \u591a\u6587\u5316\u30bb\u30f3\u30bf\u30fc\u307e\u3093\u307e\u308b\u3042\u304b\u3057\u3010\u30d9\u30c8\u30ca\u30e0\u8a9e\u3011<\/title>\n<meta name=\"robots\" content=\"index, follow, max-snippet:-1, max-image-preview:large, max-video-preview:-1\" \/>\n<link rel=\"canonical\" href=\"https:\/\/manmaru-akashi.com\/vi\/translation\/\" \/>\n<meta property=\"og:locale\" content=\"ja_JP\" \/>\n<meta property=\"og:type\" content=\"article\" \/>\n<meta property=\"og:title\" content=\"\u901a\u8a33\u8005\u30fb\u7ffb\u8a33\u8005\u52df\u96c6(Tuy\u1ec3n th\u00f4ng d\u1ecbch vi\u00ean \/ bi\u00ean d\u1ecbch vi\u00ean) - NPO\u6cd5\u4eba \u591a\u6587\u5316\u30bb\u30f3\u30bf\u30fc\u307e\u3093\u307e\u308b\u3042\u304b\u3057\u3010\u30d9\u30c8\u30ca\u30e0\u8a9e\u3011\" \/>\n<meta property=\"og:description\" content=\"Tuy\u1ec3n th\u00f4ng d\u1ecbch vi\u00ean \/ bi\u00ean d\u1ecbch vi\u00ean &lt; Ch\u00fang t\u00f4i \u0111ang t\u00ecm ki\u1ebfm nh\u1eefng ng\u01b0\u1eddi c\u00f3 th\u1ec3 phi\u00ean d\u1ecbch v\u00e0 bi\u00ean d\u1ecbch [&hellip;]\" \/>\n<meta property=\"og:url\" content=\"https:\/\/manmaru-akashi.com\/vi\/translation\/\" \/>\n<meta property=\"og:site_name\" content=\"NPO\u6cd5\u4eba \u591a\u6587\u5316\u30bb\u30f3\u30bf\u30fc\u307e\u3093\u307e\u308b\u3042\u304b\u3057\u3010\u30d9\u30c8\u30ca\u30e0\u8a9e\u3011\" \/>\n<meta property=\"article:modified_time\" content=\"2022-09-28T08:28:43+00:00\" \/>\n<meta property=\"og:image\" content=\"http:\/\/manmaru-akashi.com\/vi\/wp-content\/uploads\/interpreter-1.jpg\" \/>\n<meta name=\"twitter:card\" content=\"summary_large_image\" \/>\n<meta name=\"twitter:label1\" content=\"\u63a8\u5b9a\u8aad\u307f\u53d6\u308a\u6642\u9593\" \/>\n\t<meta name=\"twitter:data1\" content=\"6\u5206\" \/>\n<script type=\"application\/ld+json\" class=\"yoast-schema-graph\">{\"@context\":\"https:\/\/schema.org\",\"@graph\":[{\"@type\":\"WebPage\",\"@id\":\"https:\/\/manmaru-akashi.com\/vi\/translation\/\",\"url\":\"https:\/\/manmaru-akashi.com\/vi\/translation\/\",\"name\":\"\u901a\u8a33\u8005\u30fb\u7ffb\u8a33\u8005\u52df\u96c6(Tuy\u1ec3n th\u00f4ng d\u1ecbch vi\u00ean \/ bi\u00ean d\u1ecbch vi\u00ean) - NPO\u6cd5\u4eba \u591a\u6587\u5316\u30bb\u30f3\u30bf\u30fc\u307e\u3093\u307e\u308b\u3042\u304b\u3057\u3010\u30d9\u30c8\u30ca\u30e0\u8a9e\u3011\",\"isPartOf\":{\"@id\":\"https:\/\/manmaru-akashi.com\/vi\/#website\"},\"datePublished\":\"2022-06-30T02:19:14+00:00\",\"dateModified\":\"2022-09-28T08:28:43+00:00\",\"breadcrumb\":{\"@id\":\"https:\/\/manmaru-akashi.com\/vi\/translation\/#breadcrumb\"},\"inLanguage\":\"ja\",\"potentialAction\":[{\"@type\":\"ReadAction\",\"target\":[\"https:\/\/manmaru-akashi.com\/vi\/translation\/\"]}]},{\"@type\":\"BreadcrumbList\",\"@id\":\"https:\/\/manmaru-akashi.com\/vi\/translation\/#breadcrumb\",\"itemListElement\":[{\"@type\":\"ListItem\",\"position\":1,\"name\":\"\u30db\u30fc\u30e0\",\"item\":\"https:\/\/manmaru-akashi.com\/vi\/\"},{\"@type\":\"ListItem\",\"position\":2,\"name\":\"\u901a\u8a33\u8005\u30fb\u7ffb\u8a33\u8005\u52df\u96c6(Tuy\u1ec3n th\u00f4ng d\u1ecbch vi\u00ean \/ bi\u00ean d\u1ecbch vi\u00ean)\"}]},{\"@type\":\"WebSite\",\"@id\":\"https:\/\/manmaru-akashi.com\/vi\/#website\",\"url\":\"https:\/\/manmaru-akashi.com\/vi\/\",\"name\":\"NPO\u6cd5\u4eba \u591a\u6587\u5316\u30bb\u30f3\u30bf\u30fc\u307e\u3093\u307e\u308b\u3042\u304b\u3057\u3010\u30d9\u30c8\u30ca\u30e0\u8a9e\u3011\",\"description\":\"\u660e\u77f3\u3092\u62e0\u70b9\u306b\u5728\u4f4f\u5916\u56fd\u4eba\u306e\u65b9\u306e\u652f\u63f4\u3084\u5354\u529b\u3092\u4e2d\u5fc3\u306b\u3001\u56fd\u969b\u7406\u89e3\u3001\u89b3\u5149\u5fa9\u8208\u4e8b\u696d\u3001\u901a\u8a33\u7ffb\u8a33\u4e8b\u696d\u7b49\u306eNPO\u6cd5\u4eba\u3067\u3059\u3002\",\"potentialAction\":[{\"@type\":\"SearchAction\",\"target\":{\"@type\":\"EntryPoint\",\"urlTemplate\":\"https:\/\/manmaru-akashi.com\/vi\/?s={search_term_string}\"},\"query-input\":\"required name=search_term_string\"}],\"inLanguage\":\"ja\"}]}<\/script>\n<!-- \/ Yoast SEO plugin. -->","yoast_head_json":{"title":"\u901a\u8a33\u8005\u30fb\u7ffb\u8a33\u8005\u52df\u96c6(Tuy\u1ec3n th\u00f4ng d\u1ecbch vi\u00ean \/ bi\u00ean d\u1ecbch vi\u00ean) - NPO\u6cd5\u4eba \u591a\u6587\u5316\u30bb\u30f3\u30bf\u30fc\u307e\u3093\u307e\u308b\u3042\u304b\u3057\u3010\u30d9\u30c8\u30ca\u30e0\u8a9e\u3011","robots":{"index":"index","follow":"follow","max-snippet":"max-snippet:-1","max-image-preview":"max-image-preview:large","max-video-preview":"max-video-preview:-1"},"canonical":"https:\/\/manmaru-akashi.com\/vi\/translation\/","og_locale":"ja_JP","og_type":"article","og_title":"\u901a\u8a33\u8005\u30fb\u7ffb\u8a33\u8005\u52df\u96c6(Tuy\u1ec3n th\u00f4ng d\u1ecbch vi\u00ean \/ bi\u00ean d\u1ecbch vi\u00ean) - NPO\u6cd5\u4eba \u591a\u6587\u5316\u30bb\u30f3\u30bf\u30fc\u307e\u3093\u307e\u308b\u3042\u304b\u3057\u3010\u30d9\u30c8\u30ca\u30e0\u8a9e\u3011","og_description":"Tuy\u1ec3n th\u00f4ng d\u1ecbch vi\u00ean \/ bi\u00ean d\u1ecbch vi\u00ean &lt; Ch\u00fang t\u00f4i \u0111ang t\u00ecm ki\u1ebfm nh\u1eefng ng\u01b0\u1eddi c\u00f3 th\u1ec3 phi\u00ean d\u1ecbch v\u00e0 bi\u00ean d\u1ecbch [&hellip;]","og_url":"https:\/\/manmaru-akashi.com\/vi\/translation\/","og_site_name":"NPO\u6cd5\u4eba \u591a\u6587\u5316\u30bb\u30f3\u30bf\u30fc\u307e\u3093\u307e\u308b\u3042\u304b\u3057\u3010\u30d9\u30c8\u30ca\u30e0\u8a9e\u3011","article_modified_time":"2022-09-28T08:28:43+00:00","og_image":[{"url":"http:\/\/manmaru-akashi.com\/vi\/wp-content\/uploads\/interpreter-1.jpg"}],"twitter_card":"summary_large_image","twitter_misc":{"\u63a8\u5b9a\u8aad\u307f\u53d6\u308a\u6642\u9593":"6\u5206"},"schema":{"@context":"https:\/\/schema.org","@graph":[{"@type":"WebPage","@id":"https:\/\/manmaru-akashi.com\/vi\/translation\/","url":"https:\/\/manmaru-akashi.com\/vi\/translation\/","name":"\u901a\u8a33\u8005\u30fb\u7ffb\u8a33\u8005\u52df\u96c6(Tuy\u1ec3n th\u00f4ng d\u1ecbch vi\u00ean \/ bi\u00ean d\u1ecbch vi\u00ean) - NPO\u6cd5\u4eba \u591a\u6587\u5316\u30bb\u30f3\u30bf\u30fc\u307e\u3093\u307e\u308b\u3042\u304b\u3057\u3010\u30d9\u30c8\u30ca\u30e0\u8a9e\u3011","isPartOf":{"@id":"https:\/\/manmaru-akashi.com\/vi\/#website"},"datePublished":"2022-06-30T02:19:14+00:00","dateModified":"2022-09-28T08:28:43+00:00","breadcrumb":{"@id":"https:\/\/manmaru-akashi.com\/vi\/translation\/#breadcrumb"},"inLanguage":"ja","potentialAction":[{"@type":"ReadAction","target":["https:\/\/manmaru-akashi.com\/vi\/translation\/"]}]},{"@type":"BreadcrumbList","@id":"https:\/\/manmaru-akashi.com\/vi\/translation\/#breadcrumb","itemListElement":[{"@type":"ListItem","position":1,"name":"\u30db\u30fc\u30e0","item":"https:\/\/manmaru-akashi.com\/vi\/"},{"@type":"ListItem","position":2,"name":"\u901a\u8a33\u8005\u30fb\u7ffb\u8a33\u8005\u52df\u96c6(Tuy\u1ec3n th\u00f4ng d\u1ecbch vi\u00ean \/ bi\u00ean d\u1ecbch vi\u00ean)"}]},{"@type":"WebSite","@id":"https:\/\/manmaru-akashi.com\/vi\/#website","url":"https:\/\/manmaru-akashi.com\/vi\/","name":"NPO\u6cd5\u4eba \u591a\u6587\u5316\u30bb\u30f3\u30bf\u30fc\u307e\u3093\u307e\u308b\u3042\u304b\u3057\u3010\u30d9\u30c8\u30ca\u30e0\u8a9e\u3011","description":"\u660e\u77f3\u3092\u62e0\u70b9\u306b\u5728\u4f4f\u5916\u56fd\u4eba\u306e\u65b9\u306e\u652f\u63f4\u3084\u5354\u529b\u3092\u4e2d\u5fc3\u306b\u3001\u56fd\u969b\u7406\u89e3\u3001\u89b3\u5149\u5fa9\u8208\u4e8b\u696d\u3001\u901a\u8a33\u7ffb\u8a33\u4e8b\u696d\u7b49\u306eNPO\u6cd5\u4eba\u3067\u3059\u3002","potentialAction":[{"@type":"SearchAction","target":{"@type":"EntryPoint","urlTemplate":"https:\/\/manmaru-akashi.com\/vi\/?s={search_term_string}"},"query-input":"required name=search_term_string"}],"inLanguage":"ja"}]}},"_links":{"self":[{"href":"https:\/\/manmaru-akashi.com\/vi\/wp-json\/wp\/v2\/pages\/352"}],"collection":[{"href":"https:\/\/manmaru-akashi.com\/vi\/wp-json\/wp\/v2\/pages"}],"about":[{"href":"https:\/\/manmaru-akashi.com\/vi\/wp-json\/wp\/v2\/types\/page"}],"author":[{"embeddable":true,"href":"https:\/\/manmaru-akashi.com\/vi\/wp-json\/wp\/v2\/users\/1"}],"replies":[{"embeddable":true,"href":"https:\/\/manmaru-akashi.com\/vi\/wp-json\/wp\/v2\/comments?post=352"}],"version-history":[{"count":5,"href":"https:\/\/manmaru-akashi.com\/vi\/wp-json\/wp\/v2\/pages\/352\/revisions"}],"predecessor-version":[{"id":665,"href":"https:\/\/manmaru-akashi.com\/vi\/wp-json\/wp\/v2\/pages\/352\/revisions\/665"}],"wp:attachment":[{"href":"https:\/\/manmaru-akashi.com\/vi\/wp-json\/wp\/v2\/media?parent=352"}],"curies":[{"name":"wp","href":"https:\/\/api.w.org\/{rel}","templated":true}]}}