{"id":23,"date":"2022-04-07T12:10:39","date_gmt":"2022-04-07T03:10:39","guid":{"rendered":"https:\/\/manmaru-akashi.com\/vi\/?page_id=23"},"modified":"2022-09-28T13:57:59","modified_gmt":"2022-09-28T04:57:59","slug":"use","status":"publish","type":"page","link":"https:\/\/manmaru-akashi.com\/vi\/use\/","title":{"rendered":"\u6d3b\u52d5\u306b\u53c2\u52a0\u3059\u308b\u306b\u306f(C\u00e1ch tham gia)"},"content":{"rendered":"\n<figure class=\"wp-block-image size-full\"><img src=\"http:\/\/manmaru-akashi.com\/vi\/wp-content\/uploads\/midashi2.png\" alt=\"\" class=\"wp-image-169\"\/><\/figure>\n\n\n\n<h2>C\u00e1ch tham gia<\/h2>\n\n\n\n<p>Ch\u00fang t\u00f4i l\u00e0 m\u1ed9t t\u1ed5 ch\u1ee9c nh\u1ecf chuy\u00ean d\u1ea1y ti\u1ebfng Nh\u1eadt cho ng\u01b0\u1eddi n\u01b0\u1edbc ngo\u00e0i \u0111ang sinh s\u1ed1ng t\u1ea1i Nh\u1eadt.Nh\u1eb1m gi\u00fap c\u00e1c b\u1ea1n k\u1ebft b\u1ea1n v\u00e0 gi\u00fap ch\u1ea5t l\u01b0\u1ee3ng cu\u1ed9c s\u1ed1ng d\u1ec5 d\u00e0ng tho\u1ea3i m\u00e1i h\u01a1n. \u0110\u1ec3 l\u00e0m \u0111\u01b0\u1ee3c nh\u01b0 v\u1eady, Ch\u00fang t\u00f4i \u0111\u00e3 t\u1ed5 ch\u1ee9c ra hi\u1ec7p h\u1ed9i phi l\u1ee3i nhu\u1eadn c\u00f3 t\u00ean \u201cManmaru Akashi, trung t\u00e2m \u0111a v\u0103n h\u00f3a h\u1ed7 tr\u1ee3 ng\u01b0\u1eddi n\u01b0\u1edbc ngo\u00e0i s\u1ed1ng t\u1ea1i Nh\u1ead\u201d. Hi\u1ec7p h\u1ed9i c\u1ee7a ch\u00fang t\u00f4i kh\u00f4ng thu l\u1ee3i nhu\u1eadn m\u00e0 ho\u1ea1t \u0110\u1ed8NG NH\u1eb0M M\u1ee4C \u0110\u00cdCH H\u1ed6 TR\u1ee2 CHO NG\u01af\u1edcI N\u01af\u1edaC NGO\u00c0I SINH S\u1ed0NG v\u00e0 l\u00e0m vi\u1ec7c t\u1ea1i Nh\u1eadt. \u0110\u1ec3 l\u00e0m \u0111\u01b0\u1ee3c nh\u01b0 v\u1eady, ch\u00fang t\u00f4i c\u1ea7n s\u1ef1 tham gia c\u1ee7a c\u00e1c h\u1ed9i vi\u00ean,nh\u1eefng ng\u01b0\u1eddi t\u00ecnh nguy\u1ec7n vi\u00ean tham gia c\u00f9ng ch\u00fang t\u00f4i. Ti\u00eau chu\u1ea9n \u0111\u1ec3 tr\u1edf th\u00e0nh c\u00e1c h\u1ed9i vi\u00ean c\u1ee7a chugns t\u00f4i nh\u01b0 sau:<\/p>\n\n\n\n<h3 class=\"u-mb-ctrl u-mb-10\">Ti\u00eau chu\u1ea9n tr\u1edf th\u00e0nh h\u1ed9i vi\u00ean:<\/h3>\n\n\n\n<figure class=\"wp-block-table td_to_th_ sp_block_\"><table><tbody><tr><td>H\u1ed9i vi\u00ean ch\u00ednh th\u1ee9c(C\u00e1c t\u00ecnh nguy\u1ec7n vi\u00ean)<\/td><td><strong><mark style=\"background-color:rgba(0, 0, 0, 0)\" class=\"has-inline-color has-swl-main-color\">Ph\u00ed h\u1ed9i vi\u00ean 1 n\u0103m l\u00e0 3.000 Y\u00ean, <\/mark><\/strong><br><br><strong>c\u00f3 th\u1ec3 k\u00e8m theo m\u1ed9t h\u1ecdc vi\u00ean kh\u00e1c:<\/strong><br>\uff08\uff11\uff09D\u1eady h\u1ecdc: tham gia t\u00ecnh nguy\u1ec7n d\u1eady c\u00e1c l\u1edbp h\u1ecdc ti\u1ebfng Nh\u1eadt c\u1ee7a l\u1edbp h\u1ecdc c\u00f3 t\u00ean Mirai. G\u1ed3m d\u1ea1y ti\u1ebfng Nh\u1eadt, d\u1ea1y h\u1ecdc sinh t\u1ea1i tr\u01b0\u1eddng, sinh ho\u1ea1t c\u00f9ng tr\u1ebb nh\u1ecf.<br>\uff08\uff12\uff09Gi\u00fap \u0111\u1ee1: Gi\u00fap \u0111\u1ee1 c\u00e1c b\u00e0 m\u1eb9 ng\u01b0\u1eddi n\u01b0\u1edbc ngo\u00e0i b\u1eb1ng vi\u1ec7c tham gia g\u1eb7p g\u1ee1,h\u01b0\u1edbng d\u1eabn c\u00e1c b\u00e0 m\u1eb9 n\u01b0\u1edbc ngo\u00e0i \u0111ang nu\u00f4i con nh\u1ecf \u1edf Nh\u1eadt.<br>\uff08\uff13\uff09K\u1ebft n\u1ed1i:Tham gia t\u1ed5 ch\u1ee9c c\u00e1c ho\u1ea1t \u0111\u1ed9ng n\u1ea5u \u0103n,l\u00e0m c\u00e1c m\u00f3n \u0103n t\u1eeb c\u00e1c n\u01b0\u1edbc kh\u00e1c nhau, d\u1ea1y n\u1ea5u c\u00e1c m\u00f3n \u0103n qu\u1ed1c t\u1ebf c\u00f3 t\u00ean C\u00c1C M\u00d3N \u0102N TR\u00caN TH\u1ebe GI\u1edaI T\u1ea0I AKASHI. Ch\u1ec9 cho c\u00e1c th\u00e0nh vi\u00ean l\u00e0m g\u00ec khi tham gia . N\u1ebfu tr\u1edf th\u00e0nh h\u1ed9i vi\u00ean, th\u00ec xin h\u00e3y v\u00e0o nh\u00f3m (1),(2),(3) nh\u01b0 tr\u00ean c\u00f9ng ch\u00fang t\u00f4i.<br><strong>H\u1ed9i vi\u00ean ch\u00ednh th\u1ee9c s\u1ebd tham gia c\u00e1c cu\u1ed9c h\u1ecdp c\u1ee7a hi\u1ec7p h\u1ed9i \u0111\u1ec3 c\u00f9ng c\u00e1c th\u00e0nh vi\u00ean kh\u00e1c l\u00ean k\u1ebf ho\u1ea1ch ho\u1ea1t \u0111\u1ed9ng trong su\u1ed1t m\u1ed9t n\u0103m v\u00e0 s\u1ebd tham gia t\u1ed5 ch\u1ee9c t\u1ea5t c\u1ea3 c\u00e1c ho\u1ea1t \u0111\u1ed9ng \u0111\u00f3 c\u00f9ng MANMARU AKASHI. Khi \u0111\u00f3 c\u00e1c th\u00f4ng b\u00e1o,b\u00e1o c\u00e1o, n\u1ed9i dung th\u00f4ng tin s\u1ebd t\u1ef1 \u0111\u1ed9ng \u0111\u01b0\u1ee3c g\u1eedi t\u1edbi cho t\u1ea5t c\u1ea3 c\u00e1c h\u1ed9i vi\u00ean MANMARU AKASHi, c\u00e1c h\u1ed9i vi\u00ean c\u0169ng s\u1ebd \u0111\u01b0\u1ee3c s\u1eed d\u1ee5ng nhi\u1ec1u t\u00e0i li\u1ec7u v\u00e0 s\u00e1ch c\u1ee7a hi\u1ec7p h\u1ed9i,<\/strong><br><a href=\"http:\/\/www.manmaru-akashi.com\/pdf\/seikaiin.pdf\">\u0111\u1ec3 tr\u1edf th\u00e0nh c\u00e1c h\u1ed9i vi\u00ean qu\u00fd v\u1ecb h\u00e3y download v\u00e0 in c\u00e1c t\u00e0i li\u1ec7u n\u00e0y ra \u0111\u1ec3 \u0111i\u1ec1n ti\u00ean v\u00e0 th\u00f4ng tin c\u00e1 nh\u00e2n v\u00f4 b\u1ea3n \u0111\u0103ng k\u00fd h\u1ed9i vi\u00ean.<\/a><\/td><\/tr><tr><td>Th\u00e0nh vi\u00ean h\u1ed7 tr\u1ee3 (nh\u1eefng ng\u01b0\u1eddi \u0111\u00f3ng ph\u00ed th\u00e0nh vi\u00ean v\u00e0 h\u1ed7 tr\u1ee3 h\u1ecd)<\/td><td><strong><mark style=\"background-color:rgba(0, 0, 0, 0)\" class=\"has-inline-color has-swl-main-color\">Ph\u00ed 1 n\u0103m: 5.000 y\u00ean<\/mark><\/strong><br><br>\u30fbT\u00f4i \u0111\u1ed3ng \u00fd v\u00e0 h\u1ee3p t\u00e1c v\u1edbi c\u00e1c ho\u1ea1t \u0111\u1ed9ng c\u1ee7a Manmaru Akashi.<br>\u30fbB\u1ea1n s\u1ebd t\u1ef1 \u0111\u1ed9ng nh\u1eadn \u0111\u01b0\u1ee3c b\u00e1o c\u00e1o ghi l\u1ea1i chi ti\u1ebft c\u00e1c ho\u1ea1t \u0111\u1ed9ng c\u1ee7a Manmaru Akashi.<br>\u30fbB\u1ea1n c\u00f3 th\u1ec3 s\u1eed d\u1ee5ng s\u00e1ch c\u1ee7a Manmaru Akashi v\u00e0 c\u00e1c t\u00e0i li\u1ec7u kh\u00e1c.<br><a href=\"http:\/\/www.manmaru-akashi.com\/pdf\/sanzyokaiin.pdf\">T\u1ea3i xu\u1ed1ng v\u00e0 in &#8220;M\u1eabu \u0111\u01a1n \u0111\u0103ng k\u00fd th\u00e0nh vi\u00ean h\u1ed7 tr\u1ee3 v\u00e0 C\u00e1c t\u00e0i li\u1ec7u \u0111\u1ec3 tr\u1edf th\u00e0nh th\u00e0nh vi\u00ean h\u1ed7 tr\u1ee3&#8221;<\/a><\/td><\/tr><tr><td>Th\u00e0nh vi\u00ean ph\u00e1p nh\u00e2n c\u00f4ng ty (c\u00f4ng ty tr\u1ea3 ph\u00ed th\u00e0nh vi\u00ean)<\/td><td><strong><mark style=\"background-color:rgba(0, 0, 0, 0)\" class=\"has-inline-color has-swl-main-color\">Ph\u00ed 1 n\u0103m: 10.000 y\u00ean<\/mark><\/strong><br><br>\u30fbC\u00f4ng ty \u0111\u1ed3ng \u00fd v\u00e0 h\u1ee3p t\u00e1c v\u1edbi c\u00e1c ho\u1ea1t \u0111\u1ed9ng c\u1ee7a Manmaru Akashi.<br>\u30fbC\u00f4ng ty s\u1ebd t\u1ef1 \u0111\u1ed9ng nh\u1eadn \u0111\u01b0\u1ee3c b\u00e1o c\u00e1o ghi l\u1ea1i chi ti\u1ebft c\u00e1c ho\u1ea1t \u0111\u1ed9ng c\u1ee7a Manmaru Akashi.<br>\u30fbC\u00f4ng ty c\u00f3 th\u1ec3 s\u1eed d\u1ee5ng s\u00e1ch c\u1ee7a Manmaru Akashi v\u00e0 c\u00e1c t\u00e0i li\u1ec7u kh\u00e1c.<br><a href=\"http:\/\/www.manmaru-akashi.com\/pdf\/houzinkaiin.pdf\">T\u1ea3i xu\u1ed1ng v\u00e0 in &#8220;M\u1eabu \u0111\u01a1n \u0111\u0103ng k\u00fd th\u00e0nh vi\u00ean ph\u00e1p nh\u00e2n c\u00f4ng ty &#8220;<\/a><\/td><\/tr><\/tbody><\/table><\/figure>\n\n\n\n<!--<div class=\"swell-block-button is-style-btn_solid\"><a href=\"https:\/\/manmaru-akashi.com\/vi\/use\/members\/\" class=\"swell-block-button__link\"><span>\u6d3b\u52d5\u306b\u8cdb\u540c\u3057\u3066\u304f\u3060\u3055\u308b\u6cd5\u4eba\u4f1a\u54e1\u69d8\u4e00\u89a7<\/span><\/a><\/div>-->\n\n\n\n<p>Ch\u00fang t\u00f4i c\u00e1m \u01a1n v\u00ec b\u1ea1n \u0111\u00e3 tham gia l\u00e0m th\u00e0nh vi\u00ean c\u1ee7a hi\u1ec7p h\u1ed9i ch\u00fang t\u00f4i v\u00e0 \u0111\u00e3 chuy\u1ec3n ph\u00ed h\u1ed9i vi\u00ean.<br>Xin vui l\u00f2ng g\u1eedi ti\u1ec1n v\u00e0o s\u1ed1 t\u00e0i kho\u1ea3n sau.<\/p>\n\n\n\n<p class=\"has-border -border01\"><strong>\u4e09\u4e95\u4f4f\u53cb\u9280\u884c\u3000\u660e\u77f3\u652f\u5e97\u3000\u666e\u901a\u30007040279<br>\u7279\u5b9a\u975e\u55b6\u5229 \u6d3b\u52d5\u6cd5\u4eba\u3000\u591a\u6587\u5316\u30bb\u30f3\u30bf\u30fc\u307e\u3093\u307e\u308b\u3042\u304b\u3057<\/strong><\/p>\n\n\n\n<p>\u203bB\u1ea5t k\u1ef3 ai c\u0169ng c\u00f3 th\u1ec3 tr\u1edf th\u00e0nh th\u00e0nh vi\u00ean. Tuy nhi\u00ean, nh\u1eefng th\u00e0nh vi\u00ean gi\u00fap h\u1ecdc vi\u00ean h\u1ecdc ti\u1ebfng Nh\u1eadt t\u1ea1i Mirai Kyoushitsu ph\u1ea3i l\u00e0 th\u00e0nh vi\u00ean nghi\u00ean c\u1ee9u c\u00e1ch d\u1ea1y ti\u1ebfng Nh\u1eadt.<\/p>\n\n\n\n<div class=\"swell-block-button is-style-btn_normal\"><a href=\"https:\/\/manmaru-akashi.com\/vi\/contact\/\" class=\"swell-block-button__link\" data-has-icon=\"1\"><i class=\"icon-mail __icon\"><\/i><span>Tr\u01b0\u1edbc ti\u00ean h\u00e3y li\u00ean l\u1ea1c v\u1edbi ch\u00fang t\u00f4i<\/span><\/a><\/div>\n","protected":false},"excerpt":{"rendered":"<p>C\u00e1ch tham gia Ch\u00fang t\u00f4i l\u00e0 m\u1ed9t t\u1ed5 ch\u1ee9c nh\u1ecf chuy\u00ean d\u1ea1y ti\u1ebfng Nh\u1eadt cho ng\u01b0\u1eddi n\u01b0\u1edbc ngo\u00e0i \u0111ang sinh s\u1ed1ng t\u1ea1i Nh\u1eadt. [&hellip;]<\/p>\n","protected":false},"author":1,"featured_media":0,"parent":0,"menu_order":4,"comment_status":"closed","ping_status":"closed","template":"","meta":{"swell_btn_cv_data":""},"yoast_head":"<!-- This site is optimized with the Yoast SEO plugin v19.7.2 - https:\/\/yoast.com\/wordpress\/plugins\/seo\/ -->\n<title>\u6d3b\u52d5\u306b\u53c2\u52a0\u3059\u308b\u306b\u306f(C\u00e1ch tham gia) - NPO\u6cd5\u4eba \u591a\u6587\u5316\u30bb\u30f3\u30bf\u30fc\u307e\u3093\u307e\u308b\u3042\u304b\u3057\u3010\u30d9\u30c8\u30ca\u30e0\u8a9e\u3011<\/title>\n<meta name=\"robots\" content=\"index, follow, max-snippet:-1, max-image-preview:large, max-video-preview:-1\" \/>\n<link rel=\"canonical\" href=\"https:\/\/manmaru-akashi.com\/vi\/use\/\" \/>\n<meta property=\"og:locale\" content=\"ja_JP\" \/>\n<meta property=\"og:type\" content=\"article\" \/>\n<meta property=\"og:title\" content=\"\u6d3b\u52d5\u306b\u53c2\u52a0\u3059\u308b\u306b\u306f(C\u00e1ch tham gia) - NPO\u6cd5\u4eba \u591a\u6587\u5316\u30bb\u30f3\u30bf\u30fc\u307e\u3093\u307e\u308b\u3042\u304b\u3057\u3010\u30d9\u30c8\u30ca\u30e0\u8a9e\u3011\" \/>\n<meta property=\"og:description\" content=\"C\u00e1ch tham gia Ch\u00fang t\u00f4i l\u00e0 m\u1ed9t t\u1ed5 ch\u1ee9c nh\u1ecf chuy\u00ean d\u1ea1y ti\u1ebfng Nh\u1eadt cho ng\u01b0\u1eddi n\u01b0\u1edbc ngo\u00e0i \u0111ang sinh s\u1ed1ng t\u1ea1i Nh\u1eadt. [&hellip;]\" \/>\n<meta property=\"og:url\" content=\"https:\/\/manmaru-akashi.com\/vi\/use\/\" \/>\n<meta property=\"og:site_name\" content=\"NPO\u6cd5\u4eba \u591a\u6587\u5316\u30bb\u30f3\u30bf\u30fc\u307e\u3093\u307e\u308b\u3042\u304b\u3057\u3010\u30d9\u30c8\u30ca\u30e0\u8a9e\u3011\" \/>\n<meta property=\"article:modified_time\" content=\"2022-09-28T04:57:59+00:00\" \/>\n<meta property=\"og:image\" content=\"http:\/\/manmaru-akashi.com\/vi\/wp-content\/uploads\/midashi2.png\" \/>\n<meta name=\"twitter:card\" content=\"summary_large_image\" \/>\n<meta name=\"twitter:label1\" content=\"\u63a8\u5b9a\u8aad\u307f\u53d6\u308a\u6642\u9593\" \/>\n\t<meta name=\"twitter:data1\" content=\"3\u5206\" \/>\n<script type=\"application\/ld+json\" class=\"yoast-schema-graph\">{\"@context\":\"https:\/\/schema.org\",\"@graph\":[{\"@type\":\"WebPage\",\"@id\":\"https:\/\/manmaru-akashi.com\/vi\/use\/\",\"url\":\"https:\/\/manmaru-akashi.com\/vi\/use\/\",\"name\":\"\u6d3b\u52d5\u306b\u53c2\u52a0\u3059\u308b\u306b\u306f(C\u00e1ch tham gia) - NPO\u6cd5\u4eba \u591a\u6587\u5316\u30bb\u30f3\u30bf\u30fc\u307e\u3093\u307e\u308b\u3042\u304b\u3057\u3010\u30d9\u30c8\u30ca\u30e0\u8a9e\u3011\",\"isPartOf\":{\"@id\":\"https:\/\/manmaru-akashi.com\/vi\/#website\"},\"datePublished\":\"2022-04-07T03:10:39+00:00\",\"dateModified\":\"2022-09-28T04:57:59+00:00\",\"breadcrumb\":{\"@id\":\"https:\/\/manmaru-akashi.com\/vi\/use\/#breadcrumb\"},\"inLanguage\":\"ja\",\"potentialAction\":[{\"@type\":\"ReadAction\",\"target\":[\"https:\/\/manmaru-akashi.com\/vi\/use\/\"]}]},{\"@type\":\"BreadcrumbList\",\"@id\":\"https:\/\/manmaru-akashi.com\/vi\/use\/#breadcrumb\",\"itemListElement\":[{\"@type\":\"ListItem\",\"position\":1,\"name\":\"\u30db\u30fc\u30e0\",\"item\":\"https:\/\/manmaru-akashi.com\/vi\/\"},{\"@type\":\"ListItem\",\"position\":2,\"name\":\"\u6d3b\u52d5\u306b\u53c2\u52a0\u3059\u308b\u306b\u306f(C\u00e1ch tham gia)\"}]},{\"@type\":\"WebSite\",\"@id\":\"https:\/\/manmaru-akashi.com\/vi\/#website\",\"url\":\"https:\/\/manmaru-akashi.com\/vi\/\",\"name\":\"NPO\u6cd5\u4eba \u591a\u6587\u5316\u30bb\u30f3\u30bf\u30fc\u307e\u3093\u307e\u308b\u3042\u304b\u3057\u3010\u30d9\u30c8\u30ca\u30e0\u8a9e\u3011\",\"description\":\"\u660e\u77f3\u3092\u62e0\u70b9\u306b\u5728\u4f4f\u5916\u56fd\u4eba\u306e\u65b9\u306e\u652f\u63f4\u3084\u5354\u529b\u3092\u4e2d\u5fc3\u306b\u3001\u56fd\u969b\u7406\u89e3\u3001\u89b3\u5149\u5fa9\u8208\u4e8b\u696d\u3001\u901a\u8a33\u7ffb\u8a33\u4e8b\u696d\u7b49\u306eNPO\u6cd5\u4eba\u3067\u3059\u3002\",\"potentialAction\":[{\"@type\":\"SearchAction\",\"target\":{\"@type\":\"EntryPoint\",\"urlTemplate\":\"https:\/\/manmaru-akashi.com\/vi\/?s={search_term_string}\"},\"query-input\":\"required name=search_term_string\"}],\"inLanguage\":\"ja\"}]}<\/script>\n<!-- \/ Yoast SEO plugin. -->","yoast_head_json":{"title":"\u6d3b\u52d5\u306b\u53c2\u52a0\u3059\u308b\u306b\u306f(C\u00e1ch tham gia) - NPO\u6cd5\u4eba \u591a\u6587\u5316\u30bb\u30f3\u30bf\u30fc\u307e\u3093\u307e\u308b\u3042\u304b\u3057\u3010\u30d9\u30c8\u30ca\u30e0\u8a9e\u3011","robots":{"index":"index","follow":"follow","max-snippet":"max-snippet:-1","max-image-preview":"max-image-preview:large","max-video-preview":"max-video-preview:-1"},"canonical":"https:\/\/manmaru-akashi.com\/vi\/use\/","og_locale":"ja_JP","og_type":"article","og_title":"\u6d3b\u52d5\u306b\u53c2\u52a0\u3059\u308b\u306b\u306f(C\u00e1ch tham gia) - NPO\u6cd5\u4eba \u591a\u6587\u5316\u30bb\u30f3\u30bf\u30fc\u307e\u3093\u307e\u308b\u3042\u304b\u3057\u3010\u30d9\u30c8\u30ca\u30e0\u8a9e\u3011","og_description":"C\u00e1ch tham gia Ch\u00fang t\u00f4i l\u00e0 m\u1ed9t t\u1ed5 ch\u1ee9c nh\u1ecf chuy\u00ean d\u1ea1y ti\u1ebfng Nh\u1eadt cho ng\u01b0\u1eddi n\u01b0\u1edbc ngo\u00e0i \u0111ang sinh s\u1ed1ng t\u1ea1i Nh\u1eadt. [&hellip;]","og_url":"https:\/\/manmaru-akashi.com\/vi\/use\/","og_site_name":"NPO\u6cd5\u4eba \u591a\u6587\u5316\u30bb\u30f3\u30bf\u30fc\u307e\u3093\u307e\u308b\u3042\u304b\u3057\u3010\u30d9\u30c8\u30ca\u30e0\u8a9e\u3011","article_modified_time":"2022-09-28T04:57:59+00:00","og_image":[{"url":"http:\/\/manmaru-akashi.com\/vi\/wp-content\/uploads\/midashi2.png"}],"twitter_card":"summary_large_image","twitter_misc":{"\u63a8\u5b9a\u8aad\u307f\u53d6\u308a\u6642\u9593":"3\u5206"},"schema":{"@context":"https:\/\/schema.org","@graph":[{"@type":"WebPage","@id":"https:\/\/manmaru-akashi.com\/vi\/use\/","url":"https:\/\/manmaru-akashi.com\/vi\/use\/","name":"\u6d3b\u52d5\u306b\u53c2\u52a0\u3059\u308b\u306b\u306f(C\u00e1ch tham gia) - NPO\u6cd5\u4eba \u591a\u6587\u5316\u30bb\u30f3\u30bf\u30fc\u307e\u3093\u307e\u308b\u3042\u304b\u3057\u3010\u30d9\u30c8\u30ca\u30e0\u8a9e\u3011","isPartOf":{"@id":"https:\/\/manmaru-akashi.com\/vi\/#website"},"datePublished":"2022-04-07T03:10:39+00:00","dateModified":"2022-09-28T04:57:59+00:00","breadcrumb":{"@id":"https:\/\/manmaru-akashi.com\/vi\/use\/#breadcrumb"},"inLanguage":"ja","potentialAction":[{"@type":"ReadAction","target":["https:\/\/manmaru-akashi.com\/vi\/use\/"]}]},{"@type":"BreadcrumbList","@id":"https:\/\/manmaru-akashi.com\/vi\/use\/#breadcrumb","itemListElement":[{"@type":"ListItem","position":1,"name":"\u30db\u30fc\u30e0","item":"https:\/\/manmaru-akashi.com\/vi\/"},{"@type":"ListItem","position":2,"name":"\u6d3b\u52d5\u306b\u53c2\u52a0\u3059\u308b\u306b\u306f(C\u00e1ch tham gia)"}]},{"@type":"WebSite","@id":"https:\/\/manmaru-akashi.com\/vi\/#website","url":"https:\/\/manmaru-akashi.com\/vi\/","name":"NPO\u6cd5\u4eba \u591a\u6587\u5316\u30bb\u30f3\u30bf\u30fc\u307e\u3093\u307e\u308b\u3042\u304b\u3057\u3010\u30d9\u30c8\u30ca\u30e0\u8a9e\u3011","description":"\u660e\u77f3\u3092\u62e0\u70b9\u306b\u5728\u4f4f\u5916\u56fd\u4eba\u306e\u65b9\u306e\u652f\u63f4\u3084\u5354\u529b\u3092\u4e2d\u5fc3\u306b\u3001\u56fd\u969b\u7406\u89e3\u3001\u89b3\u5149\u5fa9\u8208\u4e8b\u696d\u3001\u901a\u8a33\u7ffb\u8a33\u4e8b\u696d\u7b49\u306eNPO\u6cd5\u4eba\u3067\u3059\u3002","potentialAction":[{"@type":"SearchAction","target":{"@type":"EntryPoint","urlTemplate":"https:\/\/manmaru-akashi.com\/vi\/?s={search_term_string}"},"query-input":"required name=search_term_string"}],"inLanguage":"ja"}]}},"_links":{"self":[{"href":"https:\/\/manmaru-akashi.com\/vi\/wp-json\/wp\/v2\/pages\/23"}],"collection":[{"href":"https:\/\/manmaru-akashi.com\/vi\/wp-json\/wp\/v2\/pages"}],"about":[{"href":"https:\/\/manmaru-akashi.com\/vi\/wp-json\/wp\/v2\/types\/page"}],"author":[{"embeddable":true,"href":"https:\/\/manmaru-akashi.com\/vi\/wp-json\/wp\/v2\/users\/1"}],"replies":[{"embeddable":true,"href":"https:\/\/manmaru-akashi.com\/vi\/wp-json\/wp\/v2\/comments?post=23"}],"version-history":[{"count":13,"href":"https:\/\/manmaru-akashi.com\/vi\/wp-json\/wp\/v2\/pages\/23\/revisions"}],"predecessor-version":[{"id":640,"href":"https:\/\/manmaru-akashi.com\/vi\/wp-json\/wp\/v2\/pages\/23\/revisions\/640"}],"wp:attachment":[{"href":"https:\/\/manmaru-akashi.com\/vi\/wp-json\/wp\/v2\/media?parent=23"}],"curies":[{"name":"wp","href":"https:\/\/api.w.org\/{rel}","templated":true}]}}