{"id":21,"date":"2022-04-07T12:10:01","date_gmt":"2022-04-07T03:10:01","guid":{"rendered":"https:\/\/manmaru-akashi.com\/vi\/?page_id=21"},"modified":"2022-09-28T18:30:53","modified_gmt":"2022-09-28T09:30:53","slug":"trans","status":"publish","type":"page","link":"https:\/\/manmaru-akashi.com\/vi\/work\/trans\/","title":{"rendered":"\u4e16\u754c\u3092\u3064\u306a\u3050(k\u1ebft n\u1ed1i th\u1ebf gi\u1edbi)"},"content":{"rendered":"\n<figure class=\"wp-block-image size-full\"><img src=\"http:\/\/manmaru-akashi.com\/vi\/wp-content\/uploads\/midashi5.png\" alt=\"\" class=\"wp-image-127\"\/><\/figure>\n\n\n\n<h2>Doanh nghi\u1ec7p d\u1ecbch thu\u1eadt \/ ph\u00e1i c\u1eed th\u00f4ng d\u1ecbch vi\u00ean (Ch\u00fang t\u00f4i s\u1ebd gi\u1edbi thi\u1ec7u nh\u1eefng ng\u01b0\u1eddi c\u00f3 th\u1ec3 phi\u00ean d\u1ecbch. Ch\u00fang t\u00f4i s\u1ebd phi\u00ean d\u1ecbch.)<\/h2>\n\n\n\n<p>N\u1ebfu b\u1ea1n g\u1eb7p kh\u00f3 kh\u0103n khi giao ti\u1ebfp v\u1edbi ng\u01b0\u1eddi n\u01b0\u1edbc ngo\u00e0i, ch\u00fang t\u00f4i s\u1ebd gi\u1edbi thi\u1ec7u cho b\u1ea1n m\u1ed9t th\u00f4ng d\u1ecbch vi\u00ean.<br>\u30fb T\u00f4i mu\u1ed1n l\u00e0m th\u1ee7 t\u1ee5c gi\u1ea5y t\u1edd t\u1ea1i t\u00f2a th\u1ecb ch\u00ednh th\u00e0nh ph\u1ed1<br>\u30fb T\u00f4i mu\u1ed1n truy\u1ec1n \u0111\u1ea1t \u00fd \u0111\u1ecbnh c\u1ee7a m\u00ecnh \u0111\u1ebfn kh\u00e1ch h\u00e0ng n\u01b0\u1edbc ngo\u00e0i<br>\u30fb T\u00f4i mu\u1ed1n gi\u1ea3i th\u00edch t\u1ed1t cho nh\u1eefng ng\u01b0\u1eddi \u0111\u1ebfn th\u0103m c\u00f4ng ty<br>\u30fb T\u00f4i mu\u1ed1n h\u01b0\u1edbng d\u1eabn kh\u00e1ch du l\u1ecbch<\/p>\n\n\n\n<div class=\"wp-container-1 wp-block-group u-mb-ctrl u-mb-40\"><div class=\"wp-block-group__inner-container\">\n<h4>T\u00f4i \u0111\u00e3 t\u1eebng l\u00e0m ki\u1ec3u th\u00f4ng d\u1ecbch n\u00e0y tr\u01b0\u1edbc \u0111\u00e2y<\/h4>\n\n\n\n<p>\u30fb Th\u1ea3o lu\u1eadn v\u1edbi v\u0103n ph\u00f2ng ch\u00ednh ph\u1ee7 (ti\u1ebfng Anh \/ ti\u1ebfng \u1ea2 R\u1eadp)<br>\u30fb Th\u1ee7 t\u1ee5c b\u1ea3o hi\u1ec3m (ti\u1ebfng Anh) \u0111\u1ec3 k\u00fd h\u1ee3p \u0111\u1ed3ng khi \u0111i du l\u1ecbch n\u01b0\u1edbc ngo\u00e0i<br>\u30fb B\u1ea3o hi\u1ec3m l\u00e0 m\u1ed9t h\u1ec7 th\u1ed1ng trong \u0111\u00f3 m\u1ed9t c\u00f4ng ty b\u1ea3o hi\u1ec3m b\u1ed3i th\u01b0\u1eddng cho m\u1ed9t tai n\u1ea1n ho\u1eb7c b\u1ec7nh t\u1eadt.<br>\u30fb Y\u00eau c\u1ea7u qua \u0111i\u1ec7n tho\u1ea1i \u0111\u1ebfn c\u00e1c c\u00f4ng ty c\u00f3 tr\u1ee5 s\u1edf ch\u00ednh \u1edf n\u01b0\u1edbc ngo\u00e0i (ti\u1ebfng Anh)<\/p>\n<\/div><\/div>\n\n\n\n<div class=\"wp-container-2 wp-block-group\"><div class=\"wp-block-group__inner-container\">\n<h4>T\u00f4i \u0111\u00e3 d\u1ecbch c\u00e1i n\u00e0y tr\u01b0\u1edbc \u0111\u00e2y<\/h4>\n\n\n\n<p>\u30fb B\u1ea3n d\u1ecbch h\u1ee3p \u0111\u1ed3ng (ti\u1ebfng Anh)<br>\u30fb T\u1ea1o c\u00e1c t\u00e0i li\u1ec7u \u0111\u1ec3 n\u1ed9p cho v\u0103n ph\u00f2ng ch\u00ednh ph\u1ee7 (ti\u1ebfng Anh)<br>\u30fb Th\u01b0 cho ng\u01b0\u1eddi th\u00e2n (ti\u1ebfng Anh)<br>\u30fb T\u1ea1o th\u1ef1c \u0111\u01a1n nh\u00e0 h\u00e0ng (Trung Qu\u1ed1c)<br>\u30fb T\u1ea1o c\u00e1c gi\u1ea5y t\u1edd c\u1ea7n thi\u1ebft cho h\u00f4n nh\u00e2n qu\u1ed1c t\u1ebf (ti\u1ebfng Anh)<\/p>\n<\/div><\/div>\n\n\n\n<div class=\"swell-block-button is-style-btn_normal\"><a href=\"https:\/\/manmaru-akashi.com\/vi\/translation\/\" class=\"swell-block-button__link\"><span>Ch\u00fang t\u00f4i \u0111ang tuy\u1ec3n th\u00f4ng d\u1ecbch vi\u00ean v\u00e0 bi\u00ean d\u1ecbch vi\u00ean<br>Vui l\u00f2ng li\u00ean h\u1ec7 t\u1ea1i \u0111\u00e2y<\/span><\/a><\/div>\n\n\n\n<h3>Th\u00f4ng d\u1ecbch vi\u00ean \u0111\u1ed3ng h\u00e0nh c\u00f9ng c\u00e1c chuy\u1ebfn \u0111i trong n\u01b0\u1edbc, th\u00f4ng d\u1ecbch vi\u00ean \u0111i n\u01b0\u1edbc ngo\u00e0i c\u00f9ng, th\u00f4ng d\u1ecbch vi\u00ean qua \u0111i\u1ec7n tho\u1ea1i<\/h3>\n\n\n\n<h4>Phi\u00ean d\u1ecbch s\u1ebd l\u00e0 phi\u00ean d\u1ecbch li\u00ean ti\u1ebfp.<\/h4>\n\n\n\n<p>Phi\u00ean d\u1ecbch li\u00ean ti\u1ebfp l\u00e0 m\u1ed9t ph\u01b0\u01a1ng ph\u00e1p di\u1ec5n gi\u1ea3i cu\u1ed9c h\u1ed9i tho\u1ea1i trong c\u00e1c ph\u00e2n \u0111o\u1ea1n ng\u1eafn.<br>T\u00f4i c\u00f3 th\u1ec3 cung c\u1ea5p c\u00e1ch gi\u1ea3i th\u00edch ch\u00ednh x\u00e1c. Nh\u01b0ng c\u1ea7n c\u00f3 th\u1eddi gian.<\/p>\n\n\n\n<div class=\"wp-block-columns u-mb-ctrl u-mb-60\">\n<div class=\"wp-block-column\" style=\"flex-basis:33.33%\">\n<figure class=\"wp-block-image size-full\"><img loading=\"lazy\" width=\"600\" height=\"450\" src=\"http:\/\/manmaru-akashi.com\/vi\/wp-content\/uploads\/honyaku1.jpg\" alt=\"\" class=\"wp-image-73\"\/><\/figure>\n<\/div>\n\n\n\n<div class=\"wp-block-column\" style=\"flex-basis:66.66%\">\n<div class=\"wp-container-3 wp-block-group hgroup\"><div class=\"wp-block-group__inner-container\">\n<h5>N\u1ed9i dung chi ti\u1ebft<\/h5>\n\n\n\n<ul><li>C\u00e1c khu v\u1ef1c c\u00f3 th\u1ec3 \u0111i c\u00f9ng: V\u00f9ng l\u00e2n c\u1eadn nh\u01b0 (qu\u1eadn Hyogo, qu\u1eadn Osaka, qu\u1eadn Kyoto, qu\u1eadn Nara, qu\u1eadn Wakayama, qu\u1eadn Shiga)<\/li><li>Ng\u00f4n ng\u1eef c\u00f3 th\u1ec3 th\u00f4ng d\u1ecbch: ti\u1ebfng Anh, ti\u1ebfng Trung, ti\u1ebfng M\u00f4ng C\u1ed5, ti\u1ebfng Vi\u1ec7t, ti\u1ebfng Th\u00e1i, ti\u1ebfng Nga, ti\u1ebfng \u1ea2 R\u1eadp.<br>V\u1ec1 c\u00e1c ng\u00f4n ng\u1eef kh\u00e1c, xin th\u1ea3o lu\u1eadn c\u00f9ng ch\u00fang t\u00f4i.<\/li><\/ul>\n\n\n\n<p>\u203bGi\u00e1 ni\u00eam y\u1ebft b\u00ean d\u01b0\u1edbi c\u00f3 th\u1ec3 thay \u0111\u1ed5i.<\/p>\n<\/div><\/div>\n<\/div>\n<\/div>\n\n\n\n<div class=\"wp-container-4 wp-block-group u-mb-ctrl u-mb-60\"><div class=\"wp-block-group__inner-container\">\n<h4>Ph\u00ed th\u00f4ng d\u1ecbch vi\u00ean \u0111i c\u00f9ng<\/h4>\n\n\n\n<p>Th\u00f4ng d\u1ecbch c\u00f3 s\u1eb5n t\u1eeb 9:00 s\u00e1ng \u0111\u1ebfn 6:00 chi\u1ec1u.<br>Ph\u00ed s\u1ebd \u0111\u01b0\u1ee3c c\u1ed9ng th\u00eam n\u1ebfu v\u01b0\u1ee3t qu\u00e1 th\u1eddi gian n\u00e0y.<\/p>\n\n\n\n<figure class=\"wp-block-table td_to_th_ is-style-regular u-mb-ctrl u-mb-10 sp_scroll_\"><table><thead><tr><th class=\"has-text-align-center\" data-align=\"center\"><\/th><th class=\"has-text-align-center\" data-align=\"center\">T\u1ed1i \u0111a 3 gi\u1edd v\u00e0<\/th><th class=\"has-text-align-center\" data-align=\"center\">T\u1ed1i \u0111a 8 gi\u1edd<\/th><th class=\"has-text-align-center\" data-align=\"center\">Ph\u1ee5 ph\u00ed (m\u1ed7i gi\u1edd)<\/th><\/tr><\/thead><tbody><tr><td class=\"has-text-align-center\" data-align=\"center\">Th\u00f4ng d\u1ecbch cho m\u1ee5c \u0111\u00edch b\u00e1n h\u00e0ng, h\u01b0\u1edbng d\u1eabn v\u00e0 th\u00f4ng d\u1ecbch cho m\u1ee5c \u0111\u00edch du l\u1ecbch<\/td><td class=\"has-text-align-center\" data-align=\"center\">30,000\u5186<\/td><td class=\"has-text-align-center\" data-align=\"center\">75,000\u5186<\/td><td class=\"has-text-align-center\" data-align=\"center\">10,000\u5186<\/td><\/tr><tr><td class=\"has-text-align-center\" data-align=\"center\">th\u00f4ng d\u1ecbch h\u1ed9i tho\u1ea1i h\u00e0ng ng\u00e0y \/ th\u00f4ng d\u1ecbch t\u1ea1i c\u00e1c \u0111i\u1ec3m du l\u1ecbch<\/td><td class=\"has-text-align-center\" data-align=\"center\">20,000\u5186<\/td><td class=\"has-text-align-center\" data-align=\"center\">50,000\u5186<\/td><td class=\"has-text-align-center\" data-align=\"center\">7,000\u5186<\/td><\/tr><tr><td class=\"has-text-align-center\" data-align=\"center\">M\u1ed9t th\u00f4ng d\u1ecbch vi\u00ean \u0111\u1ec3 gi\u00fap c\u00e1c c\u00f4ng vi\u1ec7c v\u0103n ph\u00f2ng li\u00ean quan \u0111\u1ebfn v\u0103n ph\u00f2ng ch\u00ednh ph\u1ee7<\/td><td class=\"has-text-align-center\" data-align=\"center\">10,000\u5186<\/td><td class=\"has-text-align-center\" data-align=\"center\">25,000\u5186<\/td><td class=\"has-text-align-center\" data-align=\"center\">4,000\u5186<\/td><\/tr><\/tbody><\/table><\/figure>\n\n\n\n<ul class=\"is-style-default\"><li>N\u1ebfu c\u00f3 ph\u00ed giao th\u00f4ng \u0111i l\u1ea1i, vui l\u00f2ng thanh to\u00e1n.Ph\u00ed ph\u1ea3i tr\u1ea3 l\u00e0 ph\u00ed di chuy\u1ec3n c\u1ea7n thi\u1ebft \u0111\u1ec3 \u0111i t\u1eeb nh\u00e0 c\u1ee7a th\u00f4ng d\u1ecbch vi\u00ean \u0111\u1ebfn n\u01a1i th\u00f4ng d\u1ecbch s\u1ebd \u0111\u01b0\u1ee3c thu\u00ea.<\/li><li>Th\u1eddi gian l\u00e0m vi\u1ec7c c\u00f9ng nhau l\u00e0 &#8220;th\u1eddi gian c\u00f3 h\u1ea1n&#8221;.Gi\u1edd l\u00e0m vi\u1ec7c c\u1ee7a th\u00f4ng d\u1ecbch vi\u00ean \u0111i k\u00e8m theo gi\u1edd l\u00e0m vi\u1ec7c.<\/li><li>N\u1ebfu th\u1eddi h\u1ea1n l\u00e0 8 gi\u1edd, s\u1ebd c\u00f3 m\u1ed9t kho\u1ea3ng th\u1eddi gian ngh\u1ec9. Th\u1eddi gian gi\u1ea3i lao l\u00e0 1 gi\u1edd.<\/li><li>C\u00f3 th\u1ec3 s\u1eed d\u1ee5ng th\u00f4ng d\u1ecbch vi\u00ean cho c\u00e1c chuy\u1ebfn tham quan b\u1edfi Th\u00f4ng d\u1ecbch vi\u00ean h\u01b0\u1edbng d\u1eabn \u0111\u01b0\u1ee3c c\u1ea5p ph\u00e9p qu\u1ed1c gia &lt; nh\u1eefng ng\u01b0\u1eddi c\u00f3 ch\u1ee9ng ch\u1ec9 ch\u00ednh th\u1ee9c v\u1ec1 kh\u1ea3 n\u0103ng phi\u00ean d\u1ecbch >.<\/li><li>N\u1ebfu n\u1ed9i dung di\u1ec5n gi\u1ea3i kh\u00f3, s\u1ebd ph\u1ea3i tr\u1ea3 th\u00eam ph\u00ed.<\/li><li>Ng\u01b0\u1eddi th\u00f4ng d\u1ecbch c\u00f4ng vi\u1ec7c li\u00ean quan \u0111\u1ebfn \u1ee7y ban t\u1ec9nh thu\u1ed9c v\u0103n ph\u00f2ng ch\u00ednh ph\u1ee7 s\u1ebd \u0111i\u1ec1u tra k\u1ef9 l\u01b0\u1ee1ng c\u00e1c chi ti\u1ebft c\u1ee7a y\u00eau c\u1ea7u. N\u1ebfu ch\u00fang t\u00f4i x\u00e1c \u0111\u1ecbnh r\u1eb1ng y\u00eau c\u1ea7u l\u00e0 th\u1ef1c s\u1ef1 c\u1ea7n thi\u1ebft, ch\u00fang t\u00f4i s\u1ebd gi\u1ea3i th\u00edch cho c\u00e1c kho\u1ea3n ph\u00ed \u0111\u01b0\u1ee3c li\u1ec7t k\u00ea \u1edf tr\u00ean.<\/li><\/ul>\n<\/div><\/div>\n\n\n\n<div class=\"wp-container-5 wp-block-group\"><div class=\"wp-block-group__inner-container\">\n<h4>Ph\u00ed th\u00f4ng d\u1ecbch qua \u0111i\u1ec7n tho\u1ea1i (T\u00f4i s\u1ebd \u0111\u1ebfn n\u01a1i m\u00e0 ng\u01b0\u1eddi mu\u1ed1n t\u00f4i th\u00f4ng d\u1ecbch v\u00e0 th\u00f4ng d\u1ecbch qua \u0111i\u1ec7n tho\u1ea1i.)<\/h4>\n\n\n\n<p>Th\u00f4ng d\u1ecbch c\u00f3 s\u1eb5n t\u1eeb 9:00 s\u00e1ng \u0111\u1ebfn 6:00 chi\u1ec1u.<br>Ph\u00ed s\u1ebd \u0111\u01b0\u1ee3c c\u1ed9ng th\u00eam n\u1ebfu v\u01b0\u1ee3t qu\u00e1 th\u1eddi gian n\u00e0y.<\/p>\n\n\n\n<figure class=\"wp-block-table td_to_th_ is-style-regular u-mb-ctrl u-mb-10\"><table class=\"has-fixed-layout\"><thead><tr><th class=\"has-text-align-center\" data-align=\"center\"><\/th><th class=\"has-text-align-center\" data-align=\"center\">T\u1ed1i \u0111a 30 ph\u00fat<\/th><th class=\"has-text-align-center\" data-align=\"center\">T\u1eeb 30 ph\u00fat \u0111\u1ebfn 1 gi\u1edd<\/th><th class=\"has-text-align-center\" data-align=\"center\">Ph\u1ee5 ph\u00ed (10 ph\u00fat m\u1ed9t l\u1ea7n)<\/th><\/tr><\/thead><tbody><tr><td class=\"has-text-align-center\" data-align=\"center\">Phi\u00ean d\u1ecbch th\u01b0\u01a1ng m\u1ea1i<\/td><td class=\"has-text-align-center\" data-align=\"center\">6,000\u5186<\/td><td class=\"has-text-align-center\" data-align=\"center\">10,000\u5186<\/td><td class=\"has-text-align-center\" data-align=\"center\">2,000\u5186<\/td><\/tr><tr><td class=\"has-text-align-center\" data-align=\"center\">Phi\u00ean d\u1ecbch t\u1ea1i c\u00e1c c\u01a1 s\u1edf c\u00f4ng l\u1eadp<\/td><td class=\"has-text-align-center\" data-align=\"center\">3,000\u5186<\/td><td class=\"has-text-align-center\" data-align=\"center\">5,000\u5186<\/td><td class=\"has-text-align-center\" data-align=\"center\">1,000\u5186<\/td><\/tr><\/tbody><\/table><\/figure>\n\n\n\n<ul class=\"is-style-default\"><li>Vui l\u00f2ng thanh to\u00e1n ri\u00eang cho ti\u1ec1n \u0111i\u1ec7n tho\u1ea1i.<\/li><li>Ch\u00fang t\u00f4i s\u1ebd quy\u1ebft \u0111\u1ecbnh v\u1ecb tr\u00ed cho th\u00f4ng d\u1ecbch vi\u00ean. \u203bN\u1ebfu c\u00f3 n\u01a1i b\u1ea1n mu\u1ed1n ch\u00fang t\u00f4i \u0111\u1ebfn, s\u1ebd c\u00f3 m\u1ed9t kho\u1ea3n ph\u00ed ri\u00eang.<\/li><li>N\u1ebfu n\u1ed9i dung di\u1ec5n gi\u1ea3i kh\u00f3, s\u1ebd ph\u1ea3i tr\u1ea3 th\u00eam ph\u00ed.<\/li><li>Ng\u01b0\u1eddi th\u00f4ng d\u1ecbch c\u00f4ng vi\u1ec7c li\u00ean quan \u0111\u1ebfn \u1ee7y ban t\u1ec9nh thu\u1ed9c v\u0103n ph\u00f2ng ch\u00ednh ph\u1ee7 s\u1ebd \u0111i\u1ec1u tra k\u1ef9 l\u01b0\u1ee1ng c\u00e1c chi ti\u1ebft c\u1ee7a y\u00eau c\u1ea7u. N\u1ebfu ch\u00fang t\u00f4i x\u00e1c \u0111\u1ecbnh r\u1eb1ng y\u00eau c\u1ea7u l\u00e0 th\u1ef1c s\u1ef1 c\u1ea7n thi\u1ebft, ch\u00fang t\u00f4i s\u1ebd gi\u1ea3i th\u00edch cho c\u00e1c kho\u1ea3n ph\u00ed \u0111\u01b0\u1ee3c li\u1ec7t k\u00ea \u1edf tr\u00ean.<\/li><\/ul>\n<\/div><\/div>\n\n\n\n<div class=\"swell-block-button is-style-btn_solid\"><a href=\"https:\/\/manmaru-akashi.com\/vi\/contact\/\" class=\"swell-block-button__link\" data-has-icon=\"1\"><i class=\"icon-mail __icon\"><\/i><span>Nh\u1ea5p v\u00e0o \u0111\u00e2y \u0111\u1ec3 \u0111\u01b0\u1ee3c t\u01b0 v\u1ea5n v\u1ec1 ph\u00ed v\u00e0 c\u00e1c c\u00e2u h\u1ecfi<\/span><\/a><\/div>\n\n\n\n<h3>D\u1ecbch t\u00e0i li\u1ec7u \u0111\u1ec3 giao cho v\u0103n ph\u00f2ng ch\u00ednh ph\u1ee7 v\u00e0 t\u00e0i li\u1ec7u cho c\u00f4ng vi\u1ec7c<\/h3>\n\n\n\n<p>Ch\u00fang t\u00f4i d\u1ecbch c\u00e1c t\u00e0i li\u1ec7u c\u1ea7n thi\u1ebft cho ng\u01b0\u1eddi n\u01b0\u1edbc ngo\u00e0i s\u1ed1ng \u1edf Nh\u1eadt B\u1ea3n.<br>Ch\u00fang t\u00f4i c\u0169ng d\u1ecbch t\u00e0i li\u1ec7u cho c\u00e1c c\u00f4ng ty ho\u1ea1t \u0111\u1ed9ng \u1edf n\u01b0\u1edbc ngo\u00e0i.<br>N\u1ebfu c\u00f3 b\u1ea5t c\u1ee9 \u0111i\u1ec1u g\u00ec b\u1ea1n mu\u1ed1n chuy\u1ec3n t\u1ea3i b\u1eb1ng v\u0103n b\u1ea3n, xin vui l\u00f2ng li\u00ean h\u1ec7 v\u1edbi t\u00f4i.<\/p>\n\n\n\n<div class=\"wp-container-7 wp-block-group\"><div class=\"wp-block-group__inner-container\">\n<div class=\"wp-block-columns u-mb-ctrl u-mb-60\">\n<div class=\"wp-block-column\" style=\"flex-basis:33.33%\">\n<figure class=\"wp-block-image size-full\"><img loading=\"lazy\" width=\"640\" height=\"427\" src=\"http:\/\/manmaru-akashi.com\/vi\/wp-content\/uploads\/tra1.jpg\" alt=\"\" class=\"wp-image-161\"\/><\/figure>\n<\/div>\n\n\n\n<div class=\"wp-block-column\" style=\"flex-basis:66.66%\">\n<div class=\"wp-container-6 wp-block-group hgroup\"><div class=\"wp-block-group__inner-container\">\n<h5>N\u1ed9i dung chi ti\u1ebft<\/h5>\n\n\n\n<ul><li>Ng\u00f4n ng\u1eef c\u00f3 th\u1ec3 d\u1ecbch: ti\u1ebfng Anh, ti\u1ebfng Trung, ti\u1ebfng M\u00f4ng C\u1ed5, ti\u1ebfng Vi\u1ec7t, ti\u1ebfng Th\u00e1i, ti\u1ebfng Nga.Vui l\u00f2ng h\u1ecfi n\u1ebfu c\u00f3 c\u00e1c ng\u00f4n ng\u1eef kh\u00e1c.<\/li><li>Th\u1eddi gian c\u1ea7n thi\u1ebft \u0111\u1ec3 ho\u00e0n th\u00e0nh: 1 tu\u1ea7n ho\u1eb7c h\u01a1n (d\u1ecbch kho\u1ea3ng 1000 k\u00fd t\u1ef1 ti\u1ebfng Nh\u1eadt)<\/li><\/ul>\n\n\n\n<p>\u203bVui l\u00f2ng li\u00ean h\u1ec7 v\u1edbi ch\u00fang t\u00f4i n\u1ebfu b\u1ea1n \u0111ang g\u1ea5p.<br>\u203bGi\u00e1 b\u00ean d\u01b0\u1edbi c\u00f3 th\u1ec3 thay \u0111\u1ed5i.<\/p>\n<\/div><\/div>\n<\/div>\n<\/div>\n\n\n\n<h4 class=\"u-mb-ctrl u-mb-10\">Ph\u00ed d\u1ecbch thu\u1eadt<\/h4>\n\n\n\n<p>\u203bTr\u00ecnh \u0111\u1ed9 ti\u1ebfng Nh\u1eadt\u0111\u1ec3 c\u00f3 th\u1ec3 \u0111\u1ecdc b\u00e1o b\u1eb1ng ti\u1ebfng Nh\u1eadt<\/p>\n\n\n\n<figure class=\"wp-block-table td_to_th_\"><table class=\"has-fixed-layout\"><thead><tr><th class=\"has-text-align-center\" data-align=\"center\"><\/th><th class=\"has-text-align-center\" data-align=\"center\">1 k\u00fd t\u1ef1<\/th><th class=\"has-text-align-center\" data-align=\"center\">t\u1eeb gi\u00e1 r\u1ebb nh\u1ea5t<\/th><\/tr><\/thead><tbody><tr><td class=\"has-text-align-center\" data-align=\"center\">D\u1ecbch t\u00e0i li\u1ec7u c\u00f4ng vi\u1ec7c<\/td><td class=\"has-text-align-center\" data-align=\"center\">17\u5186\uff5e<\/td><td class=\"has-text-align-center\" data-align=\"center\">10,000\u5186<\/td><\/tr><tr><td class=\"has-text-align-center\" data-align=\"center\">D\u1ecbch t\u00e0i li\u1ec7u giao cho \u1ee7y ban t\u1ec9nh thu\u1ed9c ch\u00ednh ph\u1ee7<\/td><td class=\"has-text-align-center\" data-align=\"center\">9\u5186\uff5e<\/td><td class=\"has-text-align-center\" data-align=\"center\">3,000\u5186<\/td><\/tr><\/tbody><\/table><\/figure>\n<\/div><\/div>\n\n\n\n<ul><li>N\u1ebfu n\u1ed9i dung di\u1ec5n gi\u1ea3i kh\u00f3, s\u1ebd ph\u1ea3i tr\u1ea3 th\u00eam ph\u00ed.<\/li><li>\u0110\u1ec3 b\u1ea3n d\u1ecbch c\u00e1c t\u00e0i li\u1ec7u \u0111\u01b0\u1ee3c chuy\u1ec3n \u0111\u1ebfn \u1ee7y ban t\u1ec9nh \u1ee7y thu\u1ed9c v\u0103n ph\u00f2ng ch\u00ednh ph\u1ee7, ch\u00fang t\u00f4i s\u1ebd xem x\u00e9t c\u00e1c chi ti\u1ebft c\u1ee7a y\u00eau c\u1ea7u t\u1ea1i \u0111\u00e2y. N\u1ebfu x\u00e1c \u0111\u1ecbnh y\u00eau c\u1ea7u \u0111\u00f3 th\u1ef1c s\u1ef1 c\u1ea7n thi\u1ebft, ch\u00fang t\u00f4i s\u1ebd d\u1ecbch v\u1edbi m\u1ee9c ph\u00ed tr\u00ean.<\/li><li>Sau khi xem x\u00e9t n\u1ed9i dung c\u1ee7a y\u00eau c\u1ea7u m\u1ed9t c\u00e1ch chi ti\u1ebft, ch\u00fang t\u00f4i s\u1ebd quy\u1ebft \u0111\u1ecbnh xem n\u00f3 c\u00f3 th\u1ec3 \u0111\u01b0\u1ee3c d\u1ecbch hay kh\u00f4ng.<\/li><\/ul>\n\n\n\n<div class=\"swell-block-button is-style-btn_solid u-mb-ctrl u-mb-60\"><a href=\"https:\/\/manmaru-akashi.com\/vi\/contact\/\" class=\"swell-block-button__link\" data-has-icon=\"1\"><i class=\"icon-mail __icon\"><\/i><span>Nh\u1ea5p v\u00e0o \u0111\u00e2y \u0111\u1ec3 \u0111\u01b0\u1ee3c t\u01b0 v\u1ea5n v\u1ec1 ph\u00ed v\u00e0 c\u00e1c c\u00e2u h\u1ecfi<\/span><\/a><\/div>\n","protected":false},"excerpt":{"rendered":"<p>Doanh nghi\u1ec7p d\u1ecbch thu\u1eadt \/ ph\u00e1i c\u1eed th\u00f4ng d\u1ecbch vi\u00ean (Ch\u00fang t\u00f4i s\u1ebd gi\u1edbi thi\u1ec7u nh\u1eefng ng\u01b0\u1eddi c\u00f3 th\u1ec3 phi\u00ean d\u1ecbch. Ch\u00fan [&hellip;]<\/p>\n","protected":false},"author":1,"featured_media":0,"parent":18,"menu_order":6,"comment_status":"closed","ping_status":"closed","template":"","meta":{"swell_btn_cv_data":""},"yoast_head":"<!-- This site is optimized with the Yoast SEO plugin v19.7.2 - https:\/\/yoast.com\/wordpress\/plugins\/seo\/ -->\n<title>\u4e16\u754c\u3092\u3064\u306a\u3050(k\u1ebft n\u1ed1i th\u1ebf gi\u1edbi) - NPO\u6cd5\u4eba \u591a\u6587\u5316\u30bb\u30f3\u30bf\u30fc\u307e\u3093\u307e\u308b\u3042\u304b\u3057\u3010\u30d9\u30c8\u30ca\u30e0\u8a9e\u3011<\/title>\n<meta name=\"robots\" content=\"index, follow, max-snippet:-1, max-image-preview:large, max-video-preview:-1\" \/>\n<link rel=\"canonical\" href=\"https:\/\/manmaru-akashi.com\/vi\/work\/trans\/\" \/>\n<meta property=\"og:locale\" content=\"ja_JP\" \/>\n<meta property=\"og:type\" content=\"article\" \/>\n<meta property=\"og:title\" content=\"\u4e16\u754c\u3092\u3064\u306a\u3050(k\u1ebft n\u1ed1i th\u1ebf gi\u1edbi) - NPO\u6cd5\u4eba \u591a\u6587\u5316\u30bb\u30f3\u30bf\u30fc\u307e\u3093\u307e\u308b\u3042\u304b\u3057\u3010\u30d9\u30c8\u30ca\u30e0\u8a9e\u3011\" \/>\n<meta property=\"og:description\" content=\"Doanh nghi\u1ec7p d\u1ecbch thu\u1eadt \/ ph\u00e1i c\u1eed th\u00f4ng d\u1ecbch vi\u00ean (Ch\u00fang t\u00f4i s\u1ebd gi\u1edbi thi\u1ec7u nh\u1eefng ng\u01b0\u1eddi c\u00f3 th\u1ec3 phi\u00ean d\u1ecbch. Ch\u00fan [&hellip;]\" \/>\n<meta property=\"og:url\" content=\"https:\/\/manmaru-akashi.com\/vi\/work\/trans\/\" \/>\n<meta property=\"og:site_name\" content=\"NPO\u6cd5\u4eba \u591a\u6587\u5316\u30bb\u30f3\u30bf\u30fc\u307e\u3093\u307e\u308b\u3042\u304b\u3057\u3010\u30d9\u30c8\u30ca\u30e0\u8a9e\u3011\" \/>\n<meta property=\"article:modified_time\" content=\"2022-09-28T09:30:53+00:00\" \/>\n<meta property=\"og:image\" content=\"http:\/\/manmaru-akashi.com\/vi\/wp-content\/uploads\/midashi5.png\" \/>\n<meta name=\"twitter:card\" content=\"summary_large_image\" \/>\n<meta name=\"twitter:label1\" content=\"\u63a8\u5b9a\u8aad\u307f\u53d6\u308a\u6642\u9593\" \/>\n\t<meta name=\"twitter:data1\" content=\"12\u5206\" \/>\n<script type=\"application\/ld+json\" class=\"yoast-schema-graph\">{\"@context\":\"https:\/\/schema.org\",\"@graph\":[{\"@type\":\"WebPage\",\"@id\":\"https:\/\/manmaru-akashi.com\/vi\/work\/trans\/\",\"url\":\"https:\/\/manmaru-akashi.com\/vi\/work\/trans\/\",\"name\":\"\u4e16\u754c\u3092\u3064\u306a\u3050(k\u1ebft n\u1ed1i th\u1ebf gi\u1edbi) - NPO\u6cd5\u4eba \u591a\u6587\u5316\u30bb\u30f3\u30bf\u30fc\u307e\u3093\u307e\u308b\u3042\u304b\u3057\u3010\u30d9\u30c8\u30ca\u30e0\u8a9e\u3011\",\"isPartOf\":{\"@id\":\"https:\/\/manmaru-akashi.com\/vi\/#website\"},\"datePublished\":\"2022-04-07T03:10:01+00:00\",\"dateModified\":\"2022-09-28T09:30:53+00:00\",\"breadcrumb\":{\"@id\":\"https:\/\/manmaru-akashi.com\/vi\/work\/trans\/#breadcrumb\"},\"inLanguage\":\"ja\",\"potentialAction\":[{\"@type\":\"ReadAction\",\"target\":[\"https:\/\/manmaru-akashi.com\/vi\/work\/trans\/\"]}]},{\"@type\":\"BreadcrumbList\",\"@id\":\"https:\/\/manmaru-akashi.com\/vi\/work\/trans\/#breadcrumb\",\"itemListElement\":[{\"@type\":\"ListItem\",\"position\":1,\"name\":\"\u30db\u30fc\u30e0\",\"item\":\"https:\/\/manmaru-akashi.com\/vi\/\"},{\"@type\":\"ListItem\",\"position\":2,\"name\":\"\u3053\u3093\u306a\u6d3b\u52d5\u3092\u3057\u3066\u3044\u307e\u3059(N\u1ed9i dung ho\u1ea1t \u0111\u1ed9ng)\",\"item\":\"https:\/\/manmaru-akashi.com\/vi\/work\/\"},{\"@type\":\"ListItem\",\"position\":3,\"name\":\"\u4e16\u754c\u3092\u3064\u306a\u3050(k\u1ebft n\u1ed1i th\u1ebf gi\u1edbi)\"}]},{\"@type\":\"WebSite\",\"@id\":\"https:\/\/manmaru-akashi.com\/vi\/#website\",\"url\":\"https:\/\/manmaru-akashi.com\/vi\/\",\"name\":\"NPO\u6cd5\u4eba \u591a\u6587\u5316\u30bb\u30f3\u30bf\u30fc\u307e\u3093\u307e\u308b\u3042\u304b\u3057\u3010\u30d9\u30c8\u30ca\u30e0\u8a9e\u3011\",\"description\":\"\u660e\u77f3\u3092\u62e0\u70b9\u306b\u5728\u4f4f\u5916\u56fd\u4eba\u306e\u65b9\u306e\u652f\u63f4\u3084\u5354\u529b\u3092\u4e2d\u5fc3\u306b\u3001\u56fd\u969b\u7406\u89e3\u3001\u89b3\u5149\u5fa9\u8208\u4e8b\u696d\u3001\u901a\u8a33\u7ffb\u8a33\u4e8b\u696d\u7b49\u306eNPO\u6cd5\u4eba\u3067\u3059\u3002\",\"potentialAction\":[{\"@type\":\"SearchAction\",\"target\":{\"@type\":\"EntryPoint\",\"urlTemplate\":\"https:\/\/manmaru-akashi.com\/vi\/?s={search_term_string}\"},\"query-input\":\"required name=search_term_string\"}],\"inLanguage\":\"ja\"}]}<\/script>\n<!-- \/ Yoast SEO plugin. -->","yoast_head_json":{"title":"\u4e16\u754c\u3092\u3064\u306a\u3050(k\u1ebft n\u1ed1i th\u1ebf gi\u1edbi) - NPO\u6cd5\u4eba \u591a\u6587\u5316\u30bb\u30f3\u30bf\u30fc\u307e\u3093\u307e\u308b\u3042\u304b\u3057\u3010\u30d9\u30c8\u30ca\u30e0\u8a9e\u3011","robots":{"index":"index","follow":"follow","max-snippet":"max-snippet:-1","max-image-preview":"max-image-preview:large","max-video-preview":"max-video-preview:-1"},"canonical":"https:\/\/manmaru-akashi.com\/vi\/work\/trans\/","og_locale":"ja_JP","og_type":"article","og_title":"\u4e16\u754c\u3092\u3064\u306a\u3050(k\u1ebft n\u1ed1i th\u1ebf gi\u1edbi) - NPO\u6cd5\u4eba \u591a\u6587\u5316\u30bb\u30f3\u30bf\u30fc\u307e\u3093\u307e\u308b\u3042\u304b\u3057\u3010\u30d9\u30c8\u30ca\u30e0\u8a9e\u3011","og_description":"Doanh nghi\u1ec7p d\u1ecbch thu\u1eadt \/ ph\u00e1i c\u1eed th\u00f4ng d\u1ecbch vi\u00ean (Ch\u00fang t\u00f4i s\u1ebd gi\u1edbi thi\u1ec7u nh\u1eefng ng\u01b0\u1eddi c\u00f3 th\u1ec3 phi\u00ean d\u1ecbch. Ch\u00fan [&hellip;]","og_url":"https:\/\/manmaru-akashi.com\/vi\/work\/trans\/","og_site_name":"NPO\u6cd5\u4eba \u591a\u6587\u5316\u30bb\u30f3\u30bf\u30fc\u307e\u3093\u307e\u308b\u3042\u304b\u3057\u3010\u30d9\u30c8\u30ca\u30e0\u8a9e\u3011","article_modified_time":"2022-09-28T09:30:53+00:00","og_image":[{"url":"http:\/\/manmaru-akashi.com\/vi\/wp-content\/uploads\/midashi5.png"}],"twitter_card":"summary_large_image","twitter_misc":{"\u63a8\u5b9a\u8aad\u307f\u53d6\u308a\u6642\u9593":"12\u5206"},"schema":{"@context":"https:\/\/schema.org","@graph":[{"@type":"WebPage","@id":"https:\/\/manmaru-akashi.com\/vi\/work\/trans\/","url":"https:\/\/manmaru-akashi.com\/vi\/work\/trans\/","name":"\u4e16\u754c\u3092\u3064\u306a\u3050(k\u1ebft n\u1ed1i th\u1ebf gi\u1edbi) - NPO\u6cd5\u4eba \u591a\u6587\u5316\u30bb\u30f3\u30bf\u30fc\u307e\u3093\u307e\u308b\u3042\u304b\u3057\u3010\u30d9\u30c8\u30ca\u30e0\u8a9e\u3011","isPartOf":{"@id":"https:\/\/manmaru-akashi.com\/vi\/#website"},"datePublished":"2022-04-07T03:10:01+00:00","dateModified":"2022-09-28T09:30:53+00:00","breadcrumb":{"@id":"https:\/\/manmaru-akashi.com\/vi\/work\/trans\/#breadcrumb"},"inLanguage":"ja","potentialAction":[{"@type":"ReadAction","target":["https:\/\/manmaru-akashi.com\/vi\/work\/trans\/"]}]},{"@type":"BreadcrumbList","@id":"https:\/\/manmaru-akashi.com\/vi\/work\/trans\/#breadcrumb","itemListElement":[{"@type":"ListItem","position":1,"name":"\u30db\u30fc\u30e0","item":"https:\/\/manmaru-akashi.com\/vi\/"},{"@type":"ListItem","position":2,"name":"\u3053\u3093\u306a\u6d3b\u52d5\u3092\u3057\u3066\u3044\u307e\u3059(N\u1ed9i dung ho\u1ea1t \u0111\u1ed9ng)","item":"https:\/\/manmaru-akashi.com\/vi\/work\/"},{"@type":"ListItem","position":3,"name":"\u4e16\u754c\u3092\u3064\u306a\u3050(k\u1ebft n\u1ed1i th\u1ebf gi\u1edbi)"}]},{"@type":"WebSite","@id":"https:\/\/manmaru-akashi.com\/vi\/#website","url":"https:\/\/manmaru-akashi.com\/vi\/","name":"NPO\u6cd5\u4eba \u591a\u6587\u5316\u30bb\u30f3\u30bf\u30fc\u307e\u3093\u307e\u308b\u3042\u304b\u3057\u3010\u30d9\u30c8\u30ca\u30e0\u8a9e\u3011","description":"\u660e\u77f3\u3092\u62e0\u70b9\u306b\u5728\u4f4f\u5916\u56fd\u4eba\u306e\u65b9\u306e\u652f\u63f4\u3084\u5354\u529b\u3092\u4e2d\u5fc3\u306b\u3001\u56fd\u969b\u7406\u89e3\u3001\u89b3\u5149\u5fa9\u8208\u4e8b\u696d\u3001\u901a\u8a33\u7ffb\u8a33\u4e8b\u696d\u7b49\u306eNPO\u6cd5\u4eba\u3067\u3059\u3002","potentialAction":[{"@type":"SearchAction","target":{"@type":"EntryPoint","urlTemplate":"https:\/\/manmaru-akashi.com\/vi\/?s={search_term_string}"},"query-input":"required name=search_term_string"}],"inLanguage":"ja"}]}},"_links":{"self":[{"href":"https:\/\/manmaru-akashi.com\/vi\/wp-json\/wp\/v2\/pages\/21"}],"collection":[{"href":"https:\/\/manmaru-akashi.com\/vi\/wp-json\/wp\/v2\/pages"}],"about":[{"href":"https:\/\/manmaru-akashi.com\/vi\/wp-json\/wp\/v2\/types\/page"}],"author":[{"embeddable":true,"href":"https:\/\/manmaru-akashi.com\/vi\/wp-json\/wp\/v2\/users\/1"}],"replies":[{"embeddable":true,"href":"https:\/\/manmaru-akashi.com\/vi\/wp-json\/wp\/v2\/comments?post=21"}],"version-history":[{"count":45,"href":"https:\/\/manmaru-akashi.com\/vi\/wp-json\/wp\/v2\/pages\/21\/revisions"}],"predecessor-version":[{"id":676,"href":"https:\/\/manmaru-akashi.com\/vi\/wp-json\/wp\/v2\/pages\/21\/revisions\/676"}],"up":[{"embeddable":true,"href":"https:\/\/manmaru-akashi.com\/vi\/wp-json\/wp\/v2\/pages\/18"}],"wp:attachment":[{"href":"https:\/\/manmaru-akashi.com\/vi\/wp-json\/wp\/v2\/media?parent=21"}],"curies":[{"name":"wp","href":"https:\/\/api.w.org\/{rel}","templated":true}]}}